{"id":15299,"date":"2018-12-14T20:35:53","date_gmt":"2018-12-14T18:35:53","guid":{"rendered":"http:\/\/www.elmundodelosasi.org\/manifest-trenca-el-silenci\/"},"modified":"2018-12-15T12:22:28","modified_gmt":"2018-12-15T10:22:28","slug":"manifest-trenca-el-silenci","status":"publish","type":"page","link":"https:\/\/www.elmundodelosasi.org\/ca\/manifest-trenca-el-silenci\/","title":{"rendered":"Manifest Trenca el Silenci"},"content":{"rendered":"<p>[vc_row][vc_column]<div class=\"dt-fancy-separator h3-size style-thick\" style=\"width: 100%;\"><div class=\"dt-fancy-title bg-on\"><span class=\"separator-holder separator-left\"><\/span>El Manifest<span class=\"separator-holder separator-right\"><\/span><\/div><\/div><div class=\"gap\" style=\"line-height: 20px; height: 20px;\"><\/div>[vc_column_text]<\/p>\n<p style=\"text-align: justify;\">23% de noies i el 15% dels nois pateixen ab\u00fas sexual en la inf\u00e0ncia o adolesc\u00e8ncia i la gran majoria romandre en silenci per por. L&#8217;ab\u00fas sexual infantil \u00e9s un acte sexual no consentit en el qual el nen est\u00e0 sotm\u00e8s a tot tipus d&#8217;assetjament injust. Aquest comportament tendeix a ser repetitiu dins o fora de l&#8217;entorn familiar. Aquest es realitza en un alt percentatge en l&#8217;entorn familiar, per la qual cosa se solen amagar religiosament mentre, les v\u00edctimes aterrides guarden un rigor\u00f3s silenci.<\/p>\n<p style=\"text-align: justify;\">Els abusos s\u00f3n un problema de desconeixement social, on la persona agressora exerceix \u00e9s un ab\u00fas de poder. A difer\u00e8ncia del que molta gent creu, aix\u00f2 succeeix en diferents cultures i diferents nivells econ\u00f2mics. Segons la Convenci\u00f3 sobre els Drets de l&#8217;Infant de 1989 signada per les Nacions Unides: &#8220;Els nens tenen dret a la protecci\u00f3 contra tota forma d&#8217;explotaci\u00f3 sexual i abusos.&#8221;<\/p>\n<p style=\"text-align: justify;\">Heus aqu\u00ed un breu conte que ens relata la magnitud de la situaci\u00f3, expressant algun dels sentiments de les v\u00edctimes:<\/p>\n<p>[\/vc_column_text][\/vc_column][\/vc_row][vc_row type=&#8221;3&#8243; bg_repeat=&#8221;repeat&#8221; bg_image=&#8221;http:\/\/www.elmundodelosasi.org\/wp-content\/uploads\/2013\/10\/Dandelion-Desktop.jpg&#8221; css=&#8221;.vc_custom_1503751569981{background-image: url(http:\/\/www.elmundodelosasi.org\/wp-content\/uploads\/2012\/05\/mona-eendra-208388.jpg?id=13138) !important;background-position: center !important;background-repeat: no-repeat !important;background-size: cover !important;}&#8221;][vc_column width=&#8221;1\/2&#8243; css=&#8221;.vc_custom_1503751537881{background-color: #76d2e2 !important;}&#8221;][vc_column_text]<div class=\"gap\" style=\"line-height: 10px; height: 10px;\"><\/div>[vc_column_text]<span style=\"color: #ffffff;\">Una vegada&#8230;<\/span><\/p>\n<p><span style=\"color: #ffffff;\">Una nena aterrida en un rac\u00f3 de mala mort.<\/span><\/p>\n<p><span style=\"color: #ffffff;\">Sanglotava les seves pors i implorava que els seus recels cessessin d&#8217;una vegada.<\/span><\/p>\n<div class=\"gap\"><\/div>\n<p><span style=\"color: #ffffff;\">Mussitava paraules amb pa\u00fcra<\/span><\/p>\n<p><span style=\"color: #ffffff;\">per\u00f2 al seu torn caminava desitjosa que aquestes anessin escoltades,<\/span><\/p>\n<p><span style=\"color: #ffffff;\">amb el consol que alg\u00fa alleug\u00e9s la seva pena.<\/span><\/p>\n<p><span style=\"color: #ffffff;\">Minuts abans unes mans havien recorregut la seva pell envaint aix\u00ed la seva candor<\/span><\/p>\n<div class=\"gap\"><\/div>\n<p><span style=\"color: #ffffff;\">La seva ingenu\u00eftat la feia desconocedora de tal atrocitat.<\/span><\/p>\n<p><span style=\"color: #ffffff;\">Un sentiment de brut\u00edcia l&#8217;assetjava.<\/span><\/p>\n<p><span style=\"color: #ffffff;\">Un terror inusitat va irrompre en el seu interior.<\/span><\/p>\n<p><span style=\"color: #ffffff;\">Va sentir por.<\/span><\/p>\n<p><span style=\"color: #ffffff;\">Por al rebuig,<\/span><\/p>\n<p><span style=\"color: #ffffff;\">por al fet que una perenne foscor l&#8217;acompany\u00e9s la resta de la seva vida,<\/span><\/p>\n<p><span style=\"color: #ffffff;\">per la qual cosa va guardar silenci.<\/span><\/p>\n<div class=\"gap\"><\/div>\n<p><span style=\"color: #ffffff;\">Hi ha contes que tenen un principi funest,<\/span><\/p>\n<p><span style=\"color: #ffffff;\">per\u00f2 no per aix\u00f2 han de tenir un final tr\u00e0gic i fat\u00eddic<\/span><\/p>\n<p><span style=\"color: #ffffff;\">Hi ha finals esperan\u00e7adors,<\/span><\/p>\n<p><span style=\"color: #ffffff;\">plens de llum i color.<\/span><\/p>\n<p><span style=\"color: #ffffff;\">Per que aix\u00f2 passi,<\/span><\/p>\n<p><span style=\"color: #ffffff;\">cal trencar el silenci.<\/span><\/p>\n<p><span style=\"color: #ffffff;\">No conservis ranc\u00fanies,<\/span><\/p>\n<p><span style=\"color: #ffffff;\">aquests entorpeixen la labor d&#8217;avan\u00e7ar.<\/span><\/p>\n<div class=\"gap\"><\/div>\n<p><span style=\"color: #ffffff;\">El cam\u00ed \u00e9s llarg,<\/span><\/p>\n<p><span style=\"color: #ffffff;\">incert i ple d&#8217;obstacles,<\/span><\/p>\n<p><span style=\"color: #ffffff;\">per\u00f2 les ll\u00e0grimes passades calmen avui la nostra set<\/span><\/p>\n<p><span style=\"color: #ffffff;\">i els riures s\u00f3n el ress\u00f2 que acompassa el nostre caminar.<\/span><\/p>\n<p><span style=\"color: #ffffff;\">Els somriures d&#8217;antany,<\/span><\/p>\n<p><span style=\"color: #ffffff;\">s\u00f3n la clau del mat\u00ed.<\/span><\/p>\n<div class=\"gap\"><\/div>\n<p><span style=\"color: #ffffff;\">No cal estancar-se<\/span><\/p>\n<p><span style=\"color: #ffffff;\">i donar flu\u00efdesa a les nostres il\u00b7lusions,<\/span><\/p>\n<p><span style=\"color: #ffffff;\">malgrat que aquestes un dia es van veure truncades.<\/span><\/p>\n<div class=\"gap\"><\/div>\n<p><span style=\"color: #ffffff;\">Cal ren\u00e9ixer de les cendres<\/span><\/p>\n<p><span style=\"color: #ffffff;\">i avivar l&#8217;esperit amb l&#8217;anhel d&#8217;un nen.<\/span><\/p>\n<div class=\"gap\"><\/div>\n<p><span style=\"color: #ffffff;\">I color\u00edn, colorit&#8230;<\/span><\/p>\n<p><span style=\"color: #ffffff;\">espero que amb el comunicat anterior es reuneixin moltes signatures perqu\u00e8 aquest<\/span><\/p>\n<p><span style=\"color: #ffffff;\">i molts altres contes,<\/span><\/p>\n<p><span style=\"color: #ffffff;\">tinguin un final feli\u00e7 i es vagin eradicant els abusos sexuals.<\/span><\/p>\n<div class=\"gap\"><\/div>\n<p><span style=\"color: #ffffff;\">No podem canviar el passat,<\/span><\/p>\n<p><span style=\"color: #ffffff;\">per\u00f2 si modificar el futur actuant sobre el present.<\/span><\/p>\n<div class=\"gap\"><\/div>\n<p><span style=\"color: #ffffff;\">\u201cUn dia em van arrabassar la infantesa,<\/span><\/p>\n<p><span style=\"color: #ffffff;\">per\u00f2 no van aconseguir infringir les meves ganes de ser nena\u201d.<\/span><\/p>\n<div class=\"gap\"><\/div>\n<p><span style=\"color: #ffffff;\">Petite Ana\u00efs<\/span>[\/vc_column_text][\/vc_column][vc_column width=&#8221;1\/2&#8243; css=&#8221;.vc_custom_1503751526933{background-position: center !important;background-repeat: no-repeat !important;background-size: cover !important;}&#8221;][\/vc_column][\/vc_row][vc_row][vc_column][vc_column_text]<div class=\"gap\" style=\"line-height: 10px; height: 10px;\"><\/div>[vc_column_text]<\/p>\n<h4 style=\"text-align: justify;\">AL SIGNAR LA PETICI\u00d3 QUE ENVIANT AQUESTA CARTA<\/h4>\n<h4 style=\"text-align: justify;\">DESTINATARIO: SR. D. ALBERTO RUIZ-GALLARD\u00d3N, MINISTRO DE JUSTICIA Y SRA. D\u00d1A. ANA MATO MINISTRA DE SANIDAD, SERVICIOS SOCIALES E IGUALDAD<\/h4>\n<div class=\"gap\" style=\"line-height: 20px; height: 20px;\"><\/div>\n<div>\n<p style=\"text-align: justify;\">Estimados Se\u00f1ores Ministros,<\/p>\n<p style=\"text-align: justify;\">Seg\u00fan un estudio realizado por F\u00e9lix L\u00f3pez S\u00e1nchez, \u201cPsic\u00f3logo de la Universidad de Salamanca\u201d solicitado por el Ministerio de Asuntos Sociales en 1994, el 23% de las ni\u00f1as y el 15% de los ni\u00f1os sufren abusos sexuales antes de los 17 a\u00f1os en Espa\u00f1a.<\/p>\n<p style=\"text-align: justify;\">Parece ins\u00f3lito que hayan pasado tantos a\u00f1os y en el 2012, los ni\u00f1os siguen desprotegidos ante la pasividad de los estamentos. No hace falta irse a pa\u00edses lejanos para horrorizarse porque a la vuelta de la esquina, en nuestra propia ciudad, hay alg\u00fan ni\u00f1o que necesita ayuda, alguno de ellos ya adulto que necesita romper el silencio despu\u00e9s de tantos a\u00f1os sin voz.<\/p>\n<p style=\"text-align: justify;\">Solicitamos:<\/p>\n<p style=\"text-align: justify;\">Se realice prevenci\u00f3n de los abusos obligatoria en las escuelas porque el 80% de los abusos los realizan familiares o del entorno cercano.<\/p>\n<p style=\"text-align: justify;\">No prescriban los delitos de abusos sexuales acometidos en la infancia.<\/p>\n<p style=\"text-align: justify;\">Se acorte el proceso judicial de los ni\u00f1os, en muchos casos da la sensaci\u00f3n que se juzga a la v\u00edctima en lugar del agresor. Las pruebas se deben hacer lo m\u00e1s r\u00e1pido posible para no eternizar el suplicio, por el bienestar psicol\u00f3gico de las v\u00edctimas.<\/p>\n<p style=\"text-align: justify;\">Se creen especialidades de abusos sexuales infantiles en psicolog\u00eda, psicopedadog\u00eda y pedadog\u00eda para poder ayudar a romper el silencio de los abusos tanto en ni\u00f1os como adultos que no han dado el paso, y poder as\u00ed paliar su dolor.<\/p>\n<p style=\"text-align: justify;\">Se creen programas y centros espec\u00edficos en todas las comunidades auton\u00f3micas para ayudar a los adultos que en su infancia sufrieron abusos y apoyo sus familiares, para que \u00e9stos puedan romper su silencio con dignidad y todo el respeto que merecen.<\/p>\n<p style=\"text-align: justify;\">Se condene a las personas docentes, curas y dem\u00e1s personas que est\u00e1n en contacto con ni\u00f1os que haciendo abuso de autoridad agreden sexualmente a nuestros menores. Se les expulse inmediatamente para que no est\u00e9n en contacto directo con ni\u00f1os y no puedan dar lugar a m\u00e1s abusos injustos.<\/p>\n<p style=\"text-align: justify;\">Se realice un informaci\u00f3n veraz en los medios de comunicaci\u00f3n sin tratarlos desde el morbo y la frivolidad inmerecidas. No queremos contadores que se inicien en Enero porque los abusos existen hace a\u00f1os.<\/p>\n<p style=\"text-align: justify;\">Se informe detalladamente a la sociedad como se debe actuar ante los casos de abusos en la infancia ante un ni\u00f1o\/a o un adulto y se cree un protocolo de actuaci\u00f3n informativo para las personas que conozcan alg\u00fan caso de abuso sexual infantil puedan denunciarlo.<\/p>\n<p style=\"text-align: justify;\">Que se haga una campa\u00f1a de prevenci\u00f3n para concienciar al pueblo, con un tel\u00e9fono de contacto para todas las v\u00edctimas y familiares, al igual que lo hay para temas como la drogodependencia, violencia de g\u00e9nero, etc\u2026<\/p>\n<p style=\"text-align: justify;\">Les remitimos este manifiesto para solicitarles que hagan todo lo posible para mejorar el sistema actual entorno al abuso sexual infantil.<\/p>\n<p style=\"text-align: justify;\">Queremos recalcar desde este manifiesto, que intentamos alcanzar un mundo en el que se respeten los derechos de los menores.<\/p>\n<p style=\"text-align: justify;\">\u201cEllos son la llave de ma\u00f1ana, pues son los portadores de nuestro futuro\u201d.<\/p>\n<p style=\"text-align: justify;\">Atentamente,<\/p>\n<\/div>\n<p>[\/vc_column_text][\/vc_column][\/vc_row][vc_row type=&#8221;3&#8243; css=&#8221;.vc_custom_1469172311977{background-image: url(http:\/\/www.elmundodelosasi.org\/wp-content\/uploads\/2011\/04\/blue-blur-background.jpeg?id=) !important;}&#8221;][vc_column][vc_column_text]<div class=\"gap\" style=\"line-height: 10px; height: 10px;\"><\/div><section class=\"shortcode-action-box box-style-table shortcode-action-bg block-style-widget\"><div class=\"\"><h3 style=\"text-align: left;\">Participa en el manifest per la integritat de la inf\u00e0ncia <\/h3>\n<\/div><div class=\"shortcode-action-container action-button\"><a href=\"http:\/\/www.change.org\/es\/peticiones\/firma-el-manifiesto-romper-el-silencio-no-a-los-abusos-sexuales-a-menores\" class=\"btn-shortcode dt-btn-m dt-btn default-btn-color default-btn-hover-color default-btn-bg-color default-btn-bg-hover-color\" target=\"_blank\" id=\"dt-btn-1\" rel=\"noopener\"><span>Signa i comparteix<\/span><\/a><\/div><\/section><div class=\"gap\" style=\"line-height: 10px; height: 10px;\"><\/div>[\/vc_column_text][\/vc_column][\/vc_row]<\/p>\n","protected":false},"excerpt":{"rendered":"<p>[vc_row][vc_column][vc_column_text] 23% de noies i el 15% dels nois pateixen ab\u00fas sexual en la inf\u00e0ncia o adolesc\u00e8ncia i la gran majoria romandre en silenci per por. L&#8217;ab\u00fas sexual infantil \u00e9s un acte sexual no consentit en el qual el nen est\u00e0 sotm\u00e8s a tot tipus d&#8217;assetjament injust. Aquest comportament tendeix a ser repetitiu dins o&hellip;<\/p>\n","protected":false},"author":15,"featured_media":0,"parent":0,"menu_order":2,"comment_status":"closed","ping_status":"closed","template":"","meta":{"_mi_skip_tracking":false,"_monsterinsights_sitenote_active":false,"_monsterinsights_sitenote_note":"","_monsterinsights_sitenote_category":0},"acf":[],"yoast_head":"<!-- This site is optimized with the Yoast SEO Premium plugin v18.1 (Yoast SEO v18.3) - https:\/\/yoast.com\/wordpress\/plugins\/seo\/ -->\n<title>Manifest Trenca el Silenci | El Mundo de los ASI<\/title>\n<meta name=\"robots\" content=\"index, follow, max-snippet:-1, max-image-preview:large, max-video-preview:-1\" \/>\n<link rel=\"canonical\" href=\"https:\/\/www.elmundodelosasi.org\/ca\/manifest-trenca-el-silenci\/\" \/>\n<meta property=\"og:locale\" content=\"ca_ES\" \/>\n<meta property=\"og:type\" content=\"article\" \/>\n<meta property=\"og:title\" content=\"Manifest Trenca el Silenci\" \/>\n<meta property=\"og:description\" content=\"[vc_row][vc_column][vc_column_text] 23% de noies i el 15% dels nois pateixen ab\u00fas sexual en la inf\u00e0ncia o adolesc\u00e8ncia i la gran majoria romandre en silenci per por. L&#8217;ab\u00fas sexual infantil \u00e9s un acte sexual no consentit en el qual el nen est\u00e0 sotm\u00e8s a tot tipus d&#8217;assetjament injust. Aquest comportament tendeix a ser repetitiu dins o&hellip;\" \/>\n<meta property=\"og:url\" content=\"https:\/\/www.elmundodelosasi.org\/ca\/manifest-trenca-el-silenci\/\" \/>\n<meta property=\"og:site_name\" content=\"El Mundo de los ASI\" \/>\n<meta property=\"article:publisher\" content=\"https:\/\/www.facebook.com\/ElMundodelosASI\" \/>\n<meta property=\"article:modified_time\" content=\"2018-12-15T10:22:28+00:00\" \/>\n<meta name=\"twitter:card\" content=\"summary_large_image\" \/>\n<meta name=\"twitter:site\" content=\"@MundodelosASI\" \/>\n<meta name=\"twitter:label1\" content=\"Temps estimat de lectura\" \/>\n\t<meta name=\"twitter:data1\" content=\"6 minuts\" \/>\n<script type=\"application\/ld+json\" class=\"yoast-schema-graph\">{\"@context\":\"https:\/\/schema.org\",\"@graph\":[{\"@type\":\"Organization\",\"@id\":\"https:\/\/www.elmundodelosasi.org\/ca\/#organization\",\"name\":\"Associaci\u00f3 El Mundo de los ASI\",\"url\":\"https:\/\/www.elmundodelosasi.org\/ca\/\",\"sameAs\":[\"https:\/\/www.facebook.com\/ElMundodelosASI\",\"https:\/\/www.instagram.com\/elmundodelosasi\/\",\"https:\/\/www.youtube.com\/channel\/UCS9Y2NkK7MdqcAwUSTQ5I7w\",\"https:\/\/twitter.com\/MundodelosASI\"],\"logo\":{\"@type\":\"ImageObject\",\"@id\":\"https:\/\/www.elmundodelosasi.org\/ca\/#logo\",\"inLanguage\":\"ca\",\"url\":\"https:\/\/www.elmundodelosasi.org\/wp-content\/uploads\/2020\/11\/Logo-Nom-horitzontal-fons-blanc.png\",\"contentUrl\":\"https:\/\/www.elmundodelosasi.org\/wp-content\/uploads\/2020\/11\/Logo-Nom-horitzontal-fons-blanc.png\",\"width\":954,\"height\":288,\"caption\":\"Associaci\u00f3 El Mundo de los ASI\"},\"image\":{\"@id\":\"https:\/\/www.elmundodelosasi.org\/ca\/#logo\"}},{\"@type\":\"WebSite\",\"@id\":\"https:\/\/www.elmundodelosasi.org\/ca\/#website\",\"url\":\"https:\/\/www.elmundodelosasi.org\/ca\/\",\"name\":\"El Mundo de los ASI\",\"description\":\"Asociaci\u00f3n contra el Abuso Sexual Infantil\",\"publisher\":{\"@id\":\"https:\/\/www.elmundodelosasi.org\/ca\/#organization\"},\"potentialAction\":[{\"@type\":\"SearchAction\",\"target\":{\"@type\":\"EntryPoint\",\"urlTemplate\":\"https:\/\/www.elmundodelosasi.org\/ca\/?s={search_term_string}\"},\"query-input\":\"required name=search_term_string\"}],\"inLanguage\":\"ca\"},{\"@type\":\"WebPage\",\"@id\":\"https:\/\/www.elmundodelosasi.org\/ca\/manifest-trenca-el-silenci\/#webpage\",\"url\":\"https:\/\/www.elmundodelosasi.org\/ca\/manifest-trenca-el-silenci\/\",\"name\":\"Manifest Trenca el Silenci | El Mundo de los ASI\",\"isPartOf\":{\"@id\":\"https:\/\/www.elmundodelosasi.org\/ca\/#website\"},\"datePublished\":\"2018-12-14T18:35:53+00:00\",\"dateModified\":\"2018-12-15T10:22:28+00:00\",\"breadcrumb\":{\"@id\":\"https:\/\/www.elmundodelosasi.org\/ca\/manifest-trenca-el-silenci\/#breadcrumb\"},\"inLanguage\":\"ca\",\"potentialAction\":[{\"@type\":\"ReadAction\",\"target\":[\"https:\/\/www.elmundodelosasi.org\/ca\/manifest-trenca-el-silenci\/\"]}]},{\"@type\":\"BreadcrumbList\",\"@id\":\"https:\/\/www.elmundodelosasi.org\/ca\/manifest-trenca-el-silenci\/#breadcrumb\",\"itemListElement\":[{\"@type\":\"ListItem\",\"position\":1,\"name\":\"Portada\",\"item\":\"https:\/\/www.elmundodelosasi.org\/ca\/\"},{\"@type\":\"ListItem\",\"position\":2,\"name\":\"Manifest Trenca el Silenci\"}]}]}<\/script>\n<!-- \/ Yoast SEO Premium plugin. -->","yoast_head_json":{"title":"Manifest Trenca el Silenci | El Mundo de los ASI","robots":{"index":"index","follow":"follow","max-snippet":"max-snippet:-1","max-image-preview":"max-image-preview:large","max-video-preview":"max-video-preview:-1"},"canonical":"https:\/\/www.elmundodelosasi.org\/ca\/manifest-trenca-el-silenci\/","og_locale":"ca_ES","og_type":"article","og_title":"Manifest Trenca el Silenci","og_description":"[vc_row][vc_column][vc_column_text] 23% de noies i el 15% dels nois pateixen ab\u00fas sexual en la inf\u00e0ncia o adolesc\u00e8ncia i la gran majoria romandre en silenci per por. L&#8217;ab\u00fas sexual infantil \u00e9s un acte sexual no consentit en el qual el nen est\u00e0 sotm\u00e8s a tot tipus d&#8217;assetjament injust. Aquest comportament tendeix a ser repetitiu dins o&hellip;","og_url":"https:\/\/www.elmundodelosasi.org\/ca\/manifest-trenca-el-silenci\/","og_site_name":"El Mundo de los ASI","article_publisher":"https:\/\/www.facebook.com\/ElMundodelosASI","article_modified_time":"2018-12-15T10:22:28+00:00","twitter_card":"summary_large_image","twitter_site":"@MundodelosASI","twitter_misc":{"Temps estimat de lectura":"6 minuts"},"schema":{"@context":"https:\/\/schema.org","@graph":[{"@type":"Organization","@id":"https:\/\/www.elmundodelosasi.org\/ca\/#organization","name":"Associaci\u00f3 El Mundo de los ASI","url":"https:\/\/www.elmundodelosasi.org\/ca\/","sameAs":["https:\/\/www.facebook.com\/ElMundodelosASI","https:\/\/www.instagram.com\/elmundodelosasi\/","https:\/\/www.youtube.com\/channel\/UCS9Y2NkK7MdqcAwUSTQ5I7w","https:\/\/twitter.com\/MundodelosASI"],"logo":{"@type":"ImageObject","@id":"https:\/\/www.elmundodelosasi.org\/ca\/#logo","inLanguage":"ca","url":"https:\/\/www.elmundodelosasi.org\/wp-content\/uploads\/2020\/11\/Logo-Nom-horitzontal-fons-blanc.png","contentUrl":"https:\/\/www.elmundodelosasi.org\/wp-content\/uploads\/2020\/11\/Logo-Nom-horitzontal-fons-blanc.png","width":954,"height":288,"caption":"Associaci\u00f3 El Mundo de los ASI"},"image":{"@id":"https:\/\/www.elmundodelosasi.org\/ca\/#logo"}},{"@type":"WebSite","@id":"https:\/\/www.elmundodelosasi.org\/ca\/#website","url":"https:\/\/www.elmundodelosasi.org\/ca\/","name":"El Mundo de los ASI","description":"Asociaci\u00f3n contra el Abuso Sexual Infantil","publisher":{"@id":"https:\/\/www.elmundodelosasi.org\/ca\/#organization"},"potentialAction":[{"@type":"SearchAction","target":{"@type":"EntryPoint","urlTemplate":"https:\/\/www.elmundodelosasi.org\/ca\/?s={search_term_string}"},"query-input":"required name=search_term_string"}],"inLanguage":"ca"},{"@type":"WebPage","@id":"https:\/\/www.elmundodelosasi.org\/ca\/manifest-trenca-el-silenci\/#webpage","url":"https:\/\/www.elmundodelosasi.org\/ca\/manifest-trenca-el-silenci\/","name":"Manifest Trenca el Silenci | El Mundo de los ASI","isPartOf":{"@id":"https:\/\/www.elmundodelosasi.org\/ca\/#website"},"datePublished":"2018-12-14T18:35:53+00:00","dateModified":"2018-12-15T10:22:28+00:00","breadcrumb":{"@id":"https:\/\/www.elmundodelosasi.org\/ca\/manifest-trenca-el-silenci\/#breadcrumb"},"inLanguage":"ca","potentialAction":[{"@type":"ReadAction","target":["https:\/\/www.elmundodelosasi.org\/ca\/manifest-trenca-el-silenci\/"]}]},{"@type":"BreadcrumbList","@id":"https:\/\/www.elmundodelosasi.org\/ca\/manifest-trenca-el-silenci\/#breadcrumb","itemListElement":[{"@type":"ListItem","position":1,"name":"Portada","item":"https:\/\/www.elmundodelosasi.org\/ca\/"},{"@type":"ListItem","position":2,"name":"Manifest Trenca el Silenci"}]}]}},"_links":{"self":[{"href":"https:\/\/www.elmundodelosasi.org\/ca\/wp-json\/wp\/v2\/pages\/15299"}],"collection":[{"href":"https:\/\/www.elmundodelosasi.org\/ca\/wp-json\/wp\/v2\/pages"}],"about":[{"href":"https:\/\/www.elmundodelosasi.org\/ca\/wp-json\/wp\/v2\/types\/page"}],"author":[{"embeddable":true,"href":"https:\/\/www.elmundodelosasi.org\/ca\/wp-json\/wp\/v2\/users\/15"}],"replies":[{"embeddable":true,"href":"https:\/\/www.elmundodelosasi.org\/ca\/wp-json\/wp\/v2\/comments?post=15299"}],"version-history":[{"count":5,"href":"https:\/\/www.elmundodelosasi.org\/ca\/wp-json\/wp\/v2\/pages\/15299\/revisions"}],"predecessor-version":[{"id":15485,"href":"https:\/\/www.elmundodelosasi.org\/ca\/wp-json\/wp\/v2\/pages\/15299\/revisions\/15485"}],"wp:attachment":[{"href":"https:\/\/www.elmundodelosasi.org\/ca\/wp-json\/wp\/v2\/media?parent=15299"}],"curies":[{"name":"wp","href":"https:\/\/api.w.org\/{rel}","templated":true}]}}