{"id":15304,"date":"2018-12-14T21:02:15","date_gmt":"2018-12-14T19:02:15","guid":{"rendered":"http:\/\/www.elmundodelosasi.org\/fases-de-l-abus-sexual-infantil\/"},"modified":"2018-12-14T21:02:18","modified_gmt":"2018-12-14T19:02:18","slug":"fases-de-l-abus-sexual-infantil","status":"publish","type":"page","link":"https:\/\/www.elmundodelosasi.org\/ca\/fases-de-l-abus-sexual-infantil\/","title":{"rendered":"Fases de l&#8217; Ab\u00fas Sexual Infantil"},"content":{"rendered":"<p>[vc_row equal_height=&#8221;yes&#8221; content_placement=&#8221;middle&#8221; css=&#8221;.vc_custom_1503698801506{padding-top: 20px !important;padding-right: 20px !important;padding-bottom: 20px !important;padding-left: 20px !important;background-color: #efefef !important;background-position: center !important;background-repeat: no-repeat !important;background-size: cover !important;}&#8221;][vc_column width=&#8221;1\/2&#8243; css=&#8221;.vc_custom_1503698357704{padding-top: 100px !important;padding-right: 35px !important;padding-bottom: 100px !important;padding-left: 35px !important;background-color: #76d2e2 !important;}&#8221;][vc_custom_heading text=&#8221;1. FASE DE SEDUCCI\u00d3&#8221; font_container=&#8221;tag:h1|text_align:left|color:%23ffffff&#8221; use_theme_fonts=&#8221;yes&#8221;][vc_separator color=&#8221;white&#8221; align=&#8221;align_left&#8221; border_width=&#8221;3&#8243; el_width=&#8221;20&#8243; css=&#8221;.vc_custom_1503698469620{margin-bottom: 15px !important;padding-top: 15px !important;padding-bottom: 15px !important;}&#8221;][vc_column_text]<\/p>\n<p style=\"text-align: justify;\"><span style=\"color: #ffffff;\">El futur abusador manipula la depend\u00e8ncia i la confian\u00e7a del menor, i prepara el lloc i moment de l&#8217;ab\u00fas. \u00c9s en aquesta etapa on s&#8217;incita la participaci\u00f3 del nen o adolescent per mitj\u00e0 de regals o jocs.<\/span><\/p>\n<p>[\/vc_column_text][\/vc_column][vc_column width=&#8221;1\/2&#8243; css=&#8221;.vc_custom_1503698719179{background-image: url(http:\/\/www.elmundodelosasi.org\/wp-content\/uploads\/2012\/09\/samantha-sophia.jpg?id=12949) !important;background-position: center !important;background-repeat: no-repeat !important;background-size: cover !important;}&#8221;][\/vc_column][\/vc_row][vc_row equal_height=&#8221;yes&#8221; content_placement=&#8221;middle&#8221; css=&#8221;.vc_custom_1503698801506{padding-top: 20px !important;padding-right: 20px !important;padding-bottom: 20px !important;padding-left: 20px !important;background-color: #efefef !important;background-position: center !important;background-repeat: no-repeat !important;background-size: cover !important;}&#8221;][vc_column width=&#8221;1\/2&#8243; css=&#8221;.vc_custom_1503699968795{background-image: url(http:\/\/www.elmundodelosasi.org\/wp-content\/uploads\/2012\/02\/El-abuso-sexual-infantil.jpeg?id=4970) !important;background-position: center !important;background-repeat: no-repeat !important;background-size: cover !important;}&#8221;][\/vc_column][vc_column width=&#8221;1\/2&#8243; css=&#8221;.vc_custom_1503699261151{padding-top: 100px !important;padding-right: 35px !important;padding-bottom: 100px !important;padding-left: 35px !important;background-color: #f4b538 !important;}&#8221;][vc_custom_heading text=&#8221;2. FASE D&#8217;INTERACCI\u00d3 SEXUAL ABUSIVA&#8221; font_container=&#8221;tag:h1|text_align:left|color:%23ffffff&#8221; use_theme_fonts=&#8221;yes&#8221;][vc_separator color=&#8221;white&#8221; align=&#8221;align_left&#8221; border_width=&#8221;3&#8243; el_width=&#8221;20&#8243; css=&#8221;.vc_custom_1503698469620{margin-bottom: 15px !important;padding-top: 15px !important;padding-bottom: 15px !important;}&#8221;][vc_column_text]<\/p>\n<p style=\"text-align: justify;\"><span style=\"color: #ffffff;\">\u00c9s un proc\u00e9s gradual i progressiu, que pot incloure comportaments exhibicionistas,voyeurisme, car\u00edcies amb intencions er\u00f2tiques, masturbaci\u00f3, etc. En aquest moment ja es pot parlar de \u00ababusos sexuals\u00bb.<\/span><\/p>\n<p>[\/vc_column_text][\/vc_column][\/vc_row][vc_row equal_height=&#8221;yes&#8221; content_placement=&#8221;middle&#8221; css=&#8221;.vc_custom_1503698801506{padding-top: 20px !important;padding-right: 20px !important;padding-bottom: 20px !important;padding-left: 20px !important;background-color: #efefef !important;background-position: center !important;background-repeat: no-repeat !important;background-size: cover !important;}&#8221;][vc_column width=&#8221;1\/2&#8243; css=&#8221;.vc_custom_1503698357704{padding-top: 100px !important;padding-right: 35px !important;padding-bottom: 100px !important;padding-left: 35px !important;background-color: #76d2e2 !important;}&#8221;][vc_custom_heading text=&#8221;3. FASE D&#8217;INSTAURACI\u00d3 DEL SECRET&#8221; font_container=&#8221;tag:h1|text_align:left|color:%23ffffff&#8221; use_theme_fonts=&#8221;yes&#8221;][vc_separator color=&#8221;white&#8221; align=&#8221;align_left&#8221; border_width=&#8221;3&#8243; el_width=&#8221;20&#8243; css=&#8221;.vc_custom_1503698469620{margin-bottom: 15px !important;padding-top: 15px !important;padding-bottom: 15px !important;}&#8221;][vc_column_text]<\/p>\n<p style=\"text-align: justify;\"><span style=\"color: #ffffff;\">El abusador, generalment per mitj\u00e0 d&#8217;amenaces, imposa el silenci en el menor, a qui no li queda m\u00e9s remei que adaptar-se.<\/span><\/p>\n<p>[\/vc_column_text][\/vc_column][vc_column width=&#8221;1\/2&#8243; css=&#8221;.vc_custom_1503700066261{background-image: url(http:\/\/www.elmundodelosasi.org\/wp-content\/uploads\/2013\/09\/SLIDE-5.1.jpg?id=8791) !important;background-position: center !important;background-repeat: no-repeat !important;background-size: cover !important;}&#8221;][\/vc_column][\/vc_row][vc_row equal_height=&#8221;yes&#8221; content_placement=&#8221;middle&#8221; css=&#8221;.vc_custom_1503698801506{padding-top: 20px !important;padding-right: 20px !important;padding-bottom: 20px !important;padding-left: 20px !important;background-color: #efefef !important;background-position: center !important;background-repeat: no-repeat !important;background-size: cover !important;}&#8221;][vc_column width=&#8221;1\/2&#8243; css=&#8221;.vc_custom_1503700230994{background-image: url(http:\/\/www.elmundodelosasi.org\/wp-content\/uploads\/2011\/12\/hablar-738934.jpeg?id=5730) !important;background-position: center !important;background-repeat: no-repeat !important;background-size: cover !important;}&#8221;][\/vc_column][vc_column width=&#8221;1\/2&#8243; css=&#8221;.vc_custom_1503699261151{padding-top: 100px !important;padding-right: 35px !important;padding-bottom: 100px !important;padding-left: 35px !important;background-color: #f4b538 !important;}&#8221;][vc_custom_heading text=&#8221;3. FASE DE DIVULGACI\u00d3&#8221; font_container=&#8221;tag:h1|text_align:left|color:%23ffffff&#8221; use_theme_fonts=&#8221;yes&#8221;][vc_separator color=&#8221;white&#8221; align=&#8221;align_left&#8221; border_width=&#8221;3&#8243; el_width=&#8221;20&#8243; css=&#8221;.vc_custom_1503698469620{margin-bottom: 15px !important;padding-top: 15px !important;padding-bottom: 15px !important;}&#8221;][vc_column_text]<\/p>\n<p style=\"text-align: justify;\"><span style=\"color: #ffffff;\">Aquesta fase pot o no arribar (molts abusos queden per sempre en el silenci per q\u00fcestions socials), i, en el cas del incesto, implica una fallida en el sistema familiar, fins a aquest moment en equilibri. Pot ser accidental o premeditada, aquesta \u00faltima a causa del dolor causat als nens petits o quan arriba l&#8217;adolesc\u00e8ncia de l&#8217;abusat.<\/span><\/p>\n<p>[\/vc_column_text][\/vc_column][\/vc_row][vc_row equal_height=&#8221;yes&#8221; content_placement=&#8221;middle&#8221; css=&#8221;.vc_custom_1503698801506{padding-top: 20px !important;padding-right: 20px !important;padding-bottom: 20px !important;padding-left: 20px !important;background-color: #efefef !important;background-position: center !important;background-repeat: no-repeat !important;background-size: cover !important;}&#8221;][vc_column width=&#8221;1\/2&#8243; css=&#8221;.vc_custom_1503698357704{padding-top: 100px !important;padding-right: 35px !important;padding-bottom: 100px !important;padding-left: 35px !important;background-color: #76d2e2 !important;}&#8221;][vc_custom_heading text=&#8221;5. FASE REPRESSIVA&#8221; font_container=&#8221;tag:h1|text_align:left|color:%23ffffff&#8221; use_theme_fonts=&#8221;yes&#8221;][vc_separator color=&#8221;white&#8221; align=&#8221;align_left&#8221; border_width=&#8221;3&#8243; el_width=&#8221;20&#8243; css=&#8221;.vc_custom_1503698469620{margin-bottom: 15px !important;padding-top: 15px !important;padding-bottom: 15px !important;}&#8221;][vc_column_text]<\/p>\n<p style=\"text-align: justify;\"><span style=\"color: #ffffff;\">Generalment, despr\u00e9s de la divulgaci\u00f3, en el cas del incesto la fam\u00edlia busca desesperadament un reequilibrio per mantenir a qualsevol preu la cohesi\u00f3 familiar, per la qual cosa tendeix a negar, a restar-li import\u00e0ncia o a justificar l&#8217;ab\u00fas, en un intent per seguir com si res hagu\u00e9s succe\u00eft.<\/span><\/p>\n<p>[\/vc_column_text][\/vc_column][vc_column width=&#8221;1\/2&#8243; css=&#8221;.vc_custom_1503700318995{background-image: url(http:\/\/www.elmundodelosasi.org\/wp-content\/uploads\/2013\/10\/behind-the-mask1.jpg?id=9027) !important;background-position: center !important;background-repeat: no-repeat !important;background-size: cover !important;}&#8221;][\/vc_column][\/vc_row][vc_row][vc_column][vc_column_text]<\/p>\n<div class=\"message-box-wrapper red\" style=\"text-align: justify;\"><\/div>\n<p style=\"text-align: justify;\">Fuente: G\u00f3mez, J. (1997) La prevenci\u00f3n del abuso sexual infantil en relaci\u00f3n a criterios amplios de salud sexual<\/p>\n<p>[\/vc_column_text][\/vc_column][\/vc_row]<\/p>\n","protected":false},"excerpt":{"rendered":"<p>[vc_row equal_height=&#8221;yes&#8221; content_placement=&#8221;middle&#8221; css=&#8221;.vc_custom_1503698801506{padding-top: 20px !important;padding-right: 20px !important;padding-bottom: 20px !important;padding-left: 20px !important;background-color: #efefef !important;background-position: center !important;background-repeat: no-repeat !important;background-size: cover !important;}&#8221;][vc_column width=&#8221;1\/2&#8243; css=&#8221;.vc_custom_1503698357704{padding-top: 100px !important;padding-right: 35px !important;padding-bottom: 100px !important;padding-left: 35px !important;background-color: #76d2e2 !important;}&#8221;][vc_custom_heading text=&#8221;1. FASE DE SEDUCCI\u00d3&#8221; font_container=&#8221;tag:h1|text_align:left|color:%23ffffff&#8221; use_theme_fonts=&#8221;yes&#8221;][vc_separator color=&#8221;white&#8221; align=&#8221;align_left&#8221; border_width=&#8221;3&#8243; el_width=&#8221;20&#8243; css=&#8221;.vc_custom_1503698469620{margin-bottom: 15px !important;padding-top: 15px !important;padding-bottom: 15px !important;}&#8221;][vc_column_text] El futur abusador manipula la depend\u00e8ncia&hellip;<\/p>\n","protected":false},"author":15,"featured_media":0,"parent":0,"menu_order":4,"comment_status":"closed","ping_status":"closed","template":"","meta":{"_mi_skip_tracking":false,"_monsterinsights_sitenote_active":false,"_monsterinsights_sitenote_note":"","_monsterinsights_sitenote_category":0},"acf":[],"yoast_head":"<!-- This site is optimized with the Yoast SEO Premium plugin v18.1 (Yoast SEO v18.3) - https:\/\/yoast.com\/wordpress\/plugins\/seo\/ -->\n<title>Fases de l&#039; Ab\u00fas Sexual Infantil | El Mundo de los ASI<\/title>\n<meta name=\"robots\" content=\"index, follow, max-snippet:-1, max-image-preview:large, max-video-preview:-1\" \/>\n<link rel=\"canonical\" href=\"https:\/\/www.elmundodelosasi.org\/ca\/fases-de-l-abus-sexual-infantil\/\" \/>\n<meta property=\"og:locale\" content=\"ca_ES\" \/>\n<meta property=\"og:type\" content=\"article\" \/>\n<meta property=\"og:title\" content=\"Fases de l&#039; Ab\u00fas Sexual Infantil\" \/>\n<meta property=\"og:description\" content=\"[vc_row equal_height=&#8221;yes&#8221; content_placement=&#8221;middle&#8221; css=&#8221;.vc_custom_1503698801506{padding-top: 20px !important;padding-right: 20px !important;padding-bottom: 20px !important;padding-left: 20px !important;background-color: #efefef !important;background-position: center !important;background-repeat: no-repeat !important;background-size: cover !important;}&#8221;][vc_column width=&#8221;1\/2&#8243; css=&#8221;.vc_custom_1503698357704{padding-top: 100px !important;padding-right: 35px !important;padding-bottom: 100px !important;padding-left: 35px !important;background-color: #76d2e2 !important;}&#8221;][vc_custom_heading text=&#8221;1. FASE DE SEDUCCI\u00d3&#8221; font_container=&#8221;tag:h1|text_align:left|color:%23ffffff&#8221; use_theme_fonts=&#8221;yes&#8221;][vc_separator color=&#8221;white&#8221; align=&#8221;align_left&#8221; border_width=&#8221;3&#8243; el_width=&#8221;20&#8243; css=&#8221;.vc_custom_1503698469620{margin-bottom: 15px !important;padding-top: 15px !important;padding-bottom: 15px !important;}&#8221;][vc_column_text] El futur abusador manipula la depend\u00e8ncia&hellip;\" \/>\n<meta property=\"og:url\" content=\"https:\/\/www.elmundodelosasi.org\/ca\/fases-de-l-abus-sexual-infantil\/\" \/>\n<meta property=\"og:site_name\" content=\"El Mundo de los ASI\" \/>\n<meta property=\"article:publisher\" content=\"https:\/\/www.facebook.com\/ElMundodelosASI\" \/>\n<meta property=\"article:modified_time\" content=\"2018-12-14T19:02:18+00:00\" \/>\n<meta name=\"twitter:card\" content=\"summary_large_image\" \/>\n<meta name=\"twitter:site\" content=\"@MundodelosASI\" \/>\n<meta name=\"twitter:label1\" content=\"Temps estimat de lectura\" \/>\n\t<meta name=\"twitter:data1\" content=\"5 minuts\" \/>\n<script type=\"application\/ld+json\" class=\"yoast-schema-graph\">{\"@context\":\"https:\/\/schema.org\",\"@graph\":[{\"@type\":\"Organization\",\"@id\":\"https:\/\/www.elmundodelosasi.org\/ca\/#organization\",\"name\":\"Associaci\u00f3 El Mundo de los ASI\",\"url\":\"https:\/\/www.elmundodelosasi.org\/ca\/\",\"sameAs\":[\"https:\/\/www.facebook.com\/ElMundodelosASI\",\"https:\/\/www.instagram.com\/elmundodelosasi\/\",\"https:\/\/www.youtube.com\/channel\/UCS9Y2NkK7MdqcAwUSTQ5I7w\",\"https:\/\/twitter.com\/MundodelosASI\"],\"logo\":{\"@type\":\"ImageObject\",\"@id\":\"https:\/\/www.elmundodelosasi.org\/ca\/#logo\",\"inLanguage\":\"ca\",\"url\":\"https:\/\/www.elmundodelosasi.org\/wp-content\/uploads\/2020\/11\/Logo-Nom-horitzontal-fons-blanc.png\",\"contentUrl\":\"https:\/\/www.elmundodelosasi.org\/wp-content\/uploads\/2020\/11\/Logo-Nom-horitzontal-fons-blanc.png\",\"width\":954,\"height\":288,\"caption\":\"Associaci\u00f3 El Mundo de los ASI\"},\"image\":{\"@id\":\"https:\/\/www.elmundodelosasi.org\/ca\/#logo\"}},{\"@type\":\"WebSite\",\"@id\":\"https:\/\/www.elmundodelosasi.org\/ca\/#website\",\"url\":\"https:\/\/www.elmundodelosasi.org\/ca\/\",\"name\":\"El Mundo de los ASI\",\"description\":\"Asociaci\u00f3n contra el Abuso Sexual Infantil\",\"publisher\":{\"@id\":\"https:\/\/www.elmundodelosasi.org\/ca\/#organization\"},\"potentialAction\":[{\"@type\":\"SearchAction\",\"target\":{\"@type\":\"EntryPoint\",\"urlTemplate\":\"https:\/\/www.elmundodelosasi.org\/ca\/?s={search_term_string}\"},\"query-input\":\"required name=search_term_string\"}],\"inLanguage\":\"ca\"},{\"@type\":\"WebPage\",\"@id\":\"https:\/\/www.elmundodelosasi.org\/ca\/fases-de-l-abus-sexual-infantil\/#webpage\",\"url\":\"https:\/\/www.elmundodelosasi.org\/ca\/fases-de-l-abus-sexual-infantil\/\",\"name\":\"Fases de l' Ab\u00fas Sexual Infantil | El Mundo de los ASI\",\"isPartOf\":{\"@id\":\"https:\/\/www.elmundodelosasi.org\/ca\/#website\"},\"datePublished\":\"2018-12-14T19:02:15+00:00\",\"dateModified\":\"2018-12-14T19:02:18+00:00\",\"breadcrumb\":{\"@id\":\"https:\/\/www.elmundodelosasi.org\/ca\/fases-de-l-abus-sexual-infantil\/#breadcrumb\"},\"inLanguage\":\"ca\",\"potentialAction\":[{\"@type\":\"ReadAction\",\"target\":[\"https:\/\/www.elmundodelosasi.org\/ca\/fases-de-l-abus-sexual-infantil\/\"]}]},{\"@type\":\"BreadcrumbList\",\"@id\":\"https:\/\/www.elmundodelosasi.org\/ca\/fases-de-l-abus-sexual-infantil\/#breadcrumb\",\"itemListElement\":[{\"@type\":\"ListItem\",\"position\":1,\"name\":\"Portada\",\"item\":\"https:\/\/www.elmundodelosasi.org\/ca\/\"},{\"@type\":\"ListItem\",\"position\":2,\"name\":\"Fases de l&#8217; Ab\u00fas Sexual Infantil\"}]}]}<\/script>\n<!-- \/ Yoast SEO Premium plugin. -->","yoast_head_json":{"title":"Fases de l' Ab\u00fas Sexual Infantil | El Mundo de los ASI","robots":{"index":"index","follow":"follow","max-snippet":"max-snippet:-1","max-image-preview":"max-image-preview:large","max-video-preview":"max-video-preview:-1"},"canonical":"https:\/\/www.elmundodelosasi.org\/ca\/fases-de-l-abus-sexual-infantil\/","og_locale":"ca_ES","og_type":"article","og_title":"Fases de l' Ab\u00fas Sexual Infantil","og_description":"[vc_row equal_height=&#8221;yes&#8221; content_placement=&#8221;middle&#8221; css=&#8221;.vc_custom_1503698801506{padding-top: 20px !important;padding-right: 20px !important;padding-bottom: 20px !important;padding-left: 20px !important;background-color: #efefef !important;background-position: center !important;background-repeat: no-repeat !important;background-size: cover !important;}&#8221;][vc_column width=&#8221;1\/2&#8243; css=&#8221;.vc_custom_1503698357704{padding-top: 100px !important;padding-right: 35px !important;padding-bottom: 100px !important;padding-left: 35px !important;background-color: #76d2e2 !important;}&#8221;][vc_custom_heading text=&#8221;1. FASE DE SEDUCCI\u00d3&#8221; font_container=&#8221;tag:h1|text_align:left|color:%23ffffff&#8221; use_theme_fonts=&#8221;yes&#8221;][vc_separator color=&#8221;white&#8221; align=&#8221;align_left&#8221; border_width=&#8221;3&#8243; el_width=&#8221;20&#8243; css=&#8221;.vc_custom_1503698469620{margin-bottom: 15px !important;padding-top: 15px !important;padding-bottom: 15px !important;}&#8221;][vc_column_text] El futur abusador manipula la depend\u00e8ncia&hellip;","og_url":"https:\/\/www.elmundodelosasi.org\/ca\/fases-de-l-abus-sexual-infantil\/","og_site_name":"El Mundo de los ASI","article_publisher":"https:\/\/www.facebook.com\/ElMundodelosASI","article_modified_time":"2018-12-14T19:02:18+00:00","twitter_card":"summary_large_image","twitter_site":"@MundodelosASI","twitter_misc":{"Temps estimat de lectura":"5 minuts"},"schema":{"@context":"https:\/\/schema.org","@graph":[{"@type":"Organization","@id":"https:\/\/www.elmundodelosasi.org\/ca\/#organization","name":"Associaci\u00f3 El Mundo de los ASI","url":"https:\/\/www.elmundodelosasi.org\/ca\/","sameAs":["https:\/\/www.facebook.com\/ElMundodelosASI","https:\/\/www.instagram.com\/elmundodelosasi\/","https:\/\/www.youtube.com\/channel\/UCS9Y2NkK7MdqcAwUSTQ5I7w","https:\/\/twitter.com\/MundodelosASI"],"logo":{"@type":"ImageObject","@id":"https:\/\/www.elmundodelosasi.org\/ca\/#logo","inLanguage":"ca","url":"https:\/\/www.elmundodelosasi.org\/wp-content\/uploads\/2020\/11\/Logo-Nom-horitzontal-fons-blanc.png","contentUrl":"https:\/\/www.elmundodelosasi.org\/wp-content\/uploads\/2020\/11\/Logo-Nom-horitzontal-fons-blanc.png","width":954,"height":288,"caption":"Associaci\u00f3 El Mundo de los ASI"},"image":{"@id":"https:\/\/www.elmundodelosasi.org\/ca\/#logo"}},{"@type":"WebSite","@id":"https:\/\/www.elmundodelosasi.org\/ca\/#website","url":"https:\/\/www.elmundodelosasi.org\/ca\/","name":"El Mundo de los ASI","description":"Asociaci\u00f3n contra el Abuso Sexual Infantil","publisher":{"@id":"https:\/\/www.elmundodelosasi.org\/ca\/#organization"},"potentialAction":[{"@type":"SearchAction","target":{"@type":"EntryPoint","urlTemplate":"https:\/\/www.elmundodelosasi.org\/ca\/?s={search_term_string}"},"query-input":"required name=search_term_string"}],"inLanguage":"ca"},{"@type":"WebPage","@id":"https:\/\/www.elmundodelosasi.org\/ca\/fases-de-l-abus-sexual-infantil\/#webpage","url":"https:\/\/www.elmundodelosasi.org\/ca\/fases-de-l-abus-sexual-infantil\/","name":"Fases de l' Ab\u00fas Sexual Infantil | El Mundo de los ASI","isPartOf":{"@id":"https:\/\/www.elmundodelosasi.org\/ca\/#website"},"datePublished":"2018-12-14T19:02:15+00:00","dateModified":"2018-12-14T19:02:18+00:00","breadcrumb":{"@id":"https:\/\/www.elmundodelosasi.org\/ca\/fases-de-l-abus-sexual-infantil\/#breadcrumb"},"inLanguage":"ca","potentialAction":[{"@type":"ReadAction","target":["https:\/\/www.elmundodelosasi.org\/ca\/fases-de-l-abus-sexual-infantil\/"]}]},{"@type":"BreadcrumbList","@id":"https:\/\/www.elmundodelosasi.org\/ca\/fases-de-l-abus-sexual-infantil\/#breadcrumb","itemListElement":[{"@type":"ListItem","position":1,"name":"Portada","item":"https:\/\/www.elmundodelosasi.org\/ca\/"},{"@type":"ListItem","position":2,"name":"Fases de l&#8217; Ab\u00fas Sexual Infantil"}]}]}},"_links":{"self":[{"href":"https:\/\/www.elmundodelosasi.org\/ca\/wp-json\/wp\/v2\/pages\/15304"}],"collection":[{"href":"https:\/\/www.elmundodelosasi.org\/ca\/wp-json\/wp\/v2\/pages"}],"about":[{"href":"https:\/\/www.elmundodelosasi.org\/ca\/wp-json\/wp\/v2\/types\/page"}],"author":[{"embeddable":true,"href":"https:\/\/www.elmundodelosasi.org\/ca\/wp-json\/wp\/v2\/users\/15"}],"replies":[{"embeddable":true,"href":"https:\/\/www.elmundodelosasi.org\/ca\/wp-json\/wp\/v2\/comments?post=15304"}],"version-history":[{"count":1,"href":"https:\/\/www.elmundodelosasi.org\/ca\/wp-json\/wp\/v2\/pages\/15304\/revisions"}],"predecessor-version":[{"id":15305,"href":"https:\/\/www.elmundodelosasi.org\/ca\/wp-json\/wp\/v2\/pages\/15304\/revisions\/15305"}],"wp:attachment":[{"href":"https:\/\/www.elmundodelosasi.org\/ca\/wp-json\/wp\/v2\/media?parent=15304"}],"curies":[{"name":"wp","href":"https:\/\/api.w.org\/{rel}","templated":true}]}}