{"id":15319,"date":"2018-12-14T22:36:23","date_gmt":"2018-12-14T20:36:23","guid":{"rendered":"http:\/\/www.elmundodelosasi.org\/abus-sexual-infantil\/"},"modified":"2018-12-15T10:45:19","modified_gmt":"2018-12-15T08:45:19","slug":"abus-sexual-infantil","status":"publish","type":"page","link":"https:\/\/www.elmundodelosasi.org\/ca\/abus-sexual-infantil\/","title":{"rendered":"Ab\u00fas Sexual Infantil"},"content":{"rendered":"<p>[vc_row full_width=&#8221;stretch_row_content&#8221; gap=&#8221;1&#8243; equal_height=&#8221;yes&#8221;][vc_column width=&#8221;1\/3&#8243; css=&#8221;.vc_custom_1504281321057{padding-top: 150px !important;padding-bottom: 150px !important;background-image: url(http:\/\/www.elmundodelosasi.org\/wp-content\/uploads\/2011\/04\/Villarica-Chile.jpg?id=8044) !important;background-position: center !important;background-repeat: no-repeat !important;background-size: cover !important;}&#8221;][\/vc_column][vc_column width=&#8221;1\/3&#8243; css=&#8221;.vc_custom_1504281735098{padding-top: 150px !important;padding-bottom: 150px !important;background-image: url(http:\/\/www.elmundodelosasi.org\/wp-content\/uploads\/2013\/10\/nick-hillier-339049.jpg?id=13689) !important;background-position: center !important;background-repeat: no-repeat !important;background-size: cover !important;}&#8221;][\/vc_column][vc_column width=&#8221;1\/3&#8243; css=&#8221;.vc_custom_1504281768276{padding-top: 150px !important;padding-bottom: 150px !important;background-image: url(http:\/\/www.elmundodelosasi.org\/wp-content\/uploads\/2012\/05\/oscar-keys.jpg?id=12967) !important;background-position: center !important;background-repeat: no-repeat !important;background-size: cover !important;}&#8221;][\/vc_column][\/vc_row][vc_row full_width=&#8221;stretch_row&#8221; gap=&#8221;1&#8243; css=&#8221;.vc_custom_1504282556467{padding-top: 50px !important;padding-bottom: 50px !important;background-color: #76d2e2 !important;}&#8221;][vc_column width=&#8221;1\/3&#8243;][vc_custom_heading text=&#8221;Qu\u00e8 \u00e9s l&#8217;ab\u00fas?&#8221; font_container=&#8221;tag:h2|font_size:30|text_align:center|color:%23ffffff&#8221; use_theme_fonts=&#8221;yes&#8221; css=&#8221;.vc_custom_1544863476102{padding-right: 25px !important;padding-left: 25px !important;}&#8221;][vc_separator color=&#8221;custom&#8221; border_width=&#8221;2&#8243; el_width=&#8221;20&#8243; accent_color=&#8221;#e5cb77&#8243; css=&#8221;.vc_custom_1478012331522{margin-bottom: 15px !important;}&#8221;][vc_btn title=&#8221;Llegiu-ne m\u00e9s&#8221; style=&#8221;custom&#8221; custom_background=&#8221;#e5bd39&#8243; custom_text=&#8221;#ffffff&#8221; align=&#8221;center&#8221; link=&#8221;url:%2F%3Fpage_id%3D9478|target:%20_blank|&#8221;][\/vc_column][vc_column width=&#8221;1\/3&#8243;][vc_custom_heading text=&#8221;L&#8217;ab\u00fas sexual infantil en xifres&#8221; font_container=&#8221;tag:h2|font_size:30|text_align:center|color:%23ffffff&#8221; use_theme_fonts=&#8221;yes&#8221; css=&#8221;.vc_custom_1504281476835{padding-right: 25px !important;padding-left: 25px !important;}&#8221;][vc_separator color=&#8221;custom&#8221; border_width=&#8221;2&#8243; el_width=&#8221;20&#8243; accent_color=&#8221;#e5cb77&#8243; css=&#8221;.vc_custom_1478012331522{margin-bottom: 15px !important;}&#8221;][vc_btn title=&#8221;Llegiu-ne m\u00e9s&#8221; style=&#8221;custom&#8221; custom_background=&#8221;#e5bd39&#8243; custom_text=&#8221;#ffffff&#8221; align=&#8221;center&#8221; link=&#8221;url:http%3A%2F%2Fwww.elmundodelosasi.org%2Flabus-sexual-infantil-en-xifres%2F%3Flang%3Dca|target:%20_blank|&#8221;][\/vc_column][vc_column width=&#8221;1\/3&#8243;][vc_custom_heading text=&#8221;Amn\u00e8sia i la l\u00f2gica de l&#8217;oblit&#8221; font_container=&#8221;tag:h2|font_size:30|text_align:center|color:%23ffffff&#8221; use_theme_fonts=&#8221;yes&#8221; css=&#8221;.vc_custom_1504281533963{padding-right: 25px !important;padding-left: 25px !important;}&#8221;][vc_separator color=&#8221;custom&#8221; border_width=&#8221;2&#8243; el_width=&#8221;20&#8243; accent_color=&#8221;#e5cb77&#8243; css=&#8221;.vc_custom_1478012331522{margin-bottom: 15px !important;}&#8221;][vc_btn title=&#8221;Llegiu-ne m\u00e9s&#8221; style=&#8221;custom&#8221; custom_background=&#8221;#e5bd39&#8243; custom_text=&#8221;#ffffff&#8221; align=&#8221;center&#8221; link=&#8221;url:%2F%3Fpage_id%3D22|target:%20_blank|&#8221;][\/vc_column][\/vc_row][vc_row full_width=&#8221;stretch_row_content&#8221; gap=&#8221;1&#8243; equal_height=&#8221;yes&#8221;][vc_column width=&#8221;1\/3&#8243; css=&#8221;.vc_custom_1504282810093{padding-top: 150px !important;padding-bottom: 150px !important;background-image: url(http:\/\/www.elmundodelosasi.org\/wp-content\/uploads\/2014\/12\/jason-blackeye.jpg?id=13667) !important;background-position: center !important;background-repeat: no-repeat !important;background-size: cover !important;}&#8221;][\/vc_column][vc_column width=&#8221;1\/3&#8243; css=&#8221;.vc_custom_1504282742477{padding-top: 150px !important;padding-bottom: 150px !important;background-image: url(http:\/\/www.elmundodelosasi.org\/wp-content\/uploads\/2011\/10\/patrick-tomasso.jpg?id=12956) !important;background-position: center !important;background-repeat: no-repeat !important;background-size: cover !important;}&#8221;][\/vc_column][vc_column width=&#8221;1\/3&#8243; css=&#8221;.vc_custom_1504282768949{padding-top: 150px !important;padding-bottom: 150px !important;background-image: url(http:\/\/www.elmundodelosasi.org\/wp-content\/uploads\/2012\/05\/sven-scheuermeier.jpg?id=12979) !important;background-position: center !important;background-repeat: no-repeat !important;background-size: cover !important;}&#8221;][\/vc_column][\/vc_row][vc_row full_width=&#8221;stretch_row&#8221; gap=&#8221;1&#8243; css=&#8221;.vc_custom_1504282586966{padding-top: 50px !important;padding-bottom: 50px !important;background-color: #76d2e2 !important;}&#8221;][vc_column width=&#8221;1\/3&#8243;][vc_custom_heading text=&#8221;Fases de l&#8217;ab\u00fas sexual infantil&#8221; font_container=&#8221;tag:h2|font_size:30|text_align:center|color:%23ffffff&#8221; use_theme_fonts=&#8221;yes&#8221; css=&#8221;.vc_custom_1504282505308{padding-right: 25px !important;padding-left: 25px !important;}&#8221;][vc_separator color=&#8221;custom&#8221; border_width=&#8221;2&#8243; el_width=&#8221;20&#8243; accent_color=&#8221;#e5cb77&#8243; css=&#8221;.vc_custom_1478012331522{margin-bottom: 15px !important;}&#8221;][vc_btn title=&#8221;Llegiu-ne m\u00e9s&#8221; style=&#8221;custom&#8221; custom_background=&#8221;#e5bd39&#8243; custom_text=&#8221;#ffffff&#8221; align=&#8221;center&#8221; link=&#8221;url:http%3A%2F%2Fwww.elmundodelosasi.org%2Ffases-de-l-abus-sexual-infantil%2F%3Flang%3Dca|target:%20_blank|&#8221;][\/vc_column][vc_column width=&#8221;1\/3&#8243;][vc_custom_heading text=&#8221;Falses creences de l&#8217;ab\u00fas sexual infantil&#8221; font_container=&#8221;tag:h2|font_size:30|text_align:center|color:%23ffffff&#8221; use_theme_fonts=&#8221;yes&#8221; css=&#8221;.vc_custom_1504282470004{padding-right: 25px !important;padding-left: 25px !important;}&#8221;][vc_separator color=&#8221;custom&#8221; border_width=&#8221;2&#8243; el_width=&#8221;20&#8243; accent_color=&#8221;#e5cb77&#8243; css=&#8221;.vc_custom_1478012331522{margin-bottom: 15px !important;}&#8221;][vc_btn title=&#8221;Llegiu-ne m\u00e9s&#8221; style=&#8221;custom&#8221; custom_background=&#8221;#e5bd39&#8243; custom_text=&#8221;#ffffff&#8221; align=&#8221;center&#8221; link=&#8221;url:http%3A%2F%2Fwww.elmundodelosasi.org%2Ffalses-creences-sobre-el-abuso-sexual-infantil%2F%3Flang%3Dca|target:%20_blank|&#8221;][\/vc_column][vc_column width=&#8221;1\/3&#8243;][vc_custom_heading text=&#8221;Fases de sanaci\u00f3 de l&#8217;ab\u00fas sexual infantil&#8221; font_container=&#8221;tag:h2|font_size:30|text_align:center|color:%23ffffff&#8221; use_theme_fonts=&#8221;yes&#8221; css=&#8221;.vc_custom_1504282330638{padding-right: 25px !important;padding-left: 25px !important;}&#8221;][vc_separator color=&#8221;custom&#8221; border_width=&#8221;2&#8243; el_width=&#8221;20&#8243; accent_color=&#8221;#e5cb77&#8243; css=&#8221;.vc_custom_1478012331522{margin-bottom: 15px !important;}&#8221;][vc_btn title=&#8221;Llegiu-ne m\u00e9s&#8221; style=&#8221;custom&#8221; custom_background=&#8221;#e5bd39&#8243; custom_text=&#8221;#ffffff&#8221; align=&#8221;center&#8221; link=&#8221;url:http%3A%2F%2Fwww.elmundodelosasi.org%2Ffases-de-sanacio-de-labus-sexual-infantil%2F%3Flang%3Dca|target:%20_blank|&#8221;][\/vc_column][\/vc_row][vc_row full_width=&#8221;stretch_row_content&#8221; gap=&#8221;1&#8243; equal_height=&#8221;yes&#8221;][vc_column width=&#8221;1\/3&#8243; css=&#8221;.vc_custom_1504282970309{padding-top: 150px !important;padding-bottom: 150px !important;background-image: url(http:\/\/www.elmundodelosasi.org\/wp-content\/uploads\/2011\/04\/nicole-mason.jpg?id=13761) !important;background-position: center !important;background-repeat: no-repeat !important;background-size: cover !important;}&#8221;][\/vc_column][vc_column width=&#8221;1\/3&#8243; css=&#8221;.vc_custom_1504282742477{padding-top: 150px !important;padding-bottom: 150px !important;background-image: url(http:\/\/www.elmundodelosasi.org\/wp-content\/uploads\/2011\/10\/patrick-tomasso.jpg?id=12956) !important;background-position: center !important;background-repeat: no-repeat !important;background-size: cover !important;}&#8221;][\/vc_column][vc_column width=&#8221;1\/3&#8243; css=&#8221;.vc_custom_1504283138282{padding-top: 150px !important;padding-bottom: 150px !important;background-image: url(http:\/\/www.elmundodelosasi.org\/wp-content\/uploads\/2011\/05\/Emergency-Brake.jpg?id=12996) !important;background-position: center !important;background-repeat: no-repeat !important;background-size: cover !important;}&#8221;][\/vc_column][\/vc_row][vc_row full_width=&#8221;stretch_row&#8221; gap=&#8221;1&#8243; css=&#8221;.vc_custom_1504282586966{padding-top: 50px !important;padding-bottom: 50px !important;background-color: #76d2e2 !important;}&#8221;][vc_column width=&#8221;1\/3&#8243;][vc_custom_heading text=&#8221;Seq\u00fceles&#8221; font_container=&#8221;tag:h2|font_size:30|text_align:center|color:%23ffffff&#8221; use_theme_fonts=&#8221;yes&#8221; css=&#8221;.vc_custom_1504283001030{padding-right: 25px !important;padding-left: 25px !important;}&#8221;][vc_separator color=&#8221;custom&#8221; border_width=&#8221;2&#8243; el_width=&#8221;20&#8243; accent_color=&#8221;#e5cb77&#8243; css=&#8221;.vc_custom_1478012331522{margin-bottom: 15px !important;}&#8221;][vc_btn title=&#8221;Llegiu-ne m\u00e9s&#8221; style=&#8221;custom&#8221; custom_background=&#8221;#e5bd39&#8243; custom_text=&#8221;#ffffff&#8221; align=&#8221;center&#8221; link=&#8221;url:http%3A%2F%2Fwww.elmundodelosasi.org%2Fsequeles%2F%3Flang%3Dca|target:%20_blank|&#8221;][\/vc_column][vc_column width=&#8221;1\/3&#8243;][vc_custom_heading text=&#8221;Agressors&#8221; font_container=&#8221;tag:h2|font_size:30|text_align:center|color:%23ffffff&#8221; use_theme_fonts=&#8221;yes&#8221; css=&#8221;.vc_custom_1504283265634{padding-right: 25px !important;padding-left: 25px !important;}&#8221;][vc_separator color=&#8221;custom&#8221; border_width=&#8221;2&#8243; el_width=&#8221;20&#8243; accent_color=&#8221;#e5cb77&#8243; css=&#8221;.vc_custom_1478012331522{margin-bottom: 15px !important;}&#8221;][vc_btn title=&#8221;Llegiu-ne m\u00e9s&#8221; style=&#8221;custom&#8221; custom_background=&#8221;#e5bd39&#8243; custom_text=&#8221;#ffffff&#8221; align=&#8221;center&#8221; link=&#8221;url:http%3A%2F%2Fwww.elmundodelosasi.org%2Fagressors%2F%3Flang%3Dca|target:%20_blank|&#8221;][\/vc_column][vc_column width=&#8221;1\/3&#8243;][vc_custom_heading text=&#8221;Mite de Pers\u00e8fone&#8221; font_container=&#8221;tag:h2|font_size:30|text_align:center|color:%23ffffff&#8221; use_theme_fonts=&#8221;yes&#8221; css=&#8221;.vc_custom_1504283172201{padding-right: 25px !important;padding-left: 25px !important;}&#8221; link=&#8221;url:http%3A%2F%2Fwww.elmundodelosasi.org%2Fel-mito-de-persefone%2F%3Flang%3Dca|target:%20_blank|&#8221;][vc_separator color=&#8221;custom&#8221; border_width=&#8221;2&#8243; el_width=&#8221;20&#8243; accent_color=&#8221;#e5cb77&#8243; css=&#8221;.vc_custom_1478012331522{margin-bottom: 15px !important;}&#8221;][vc_btn title=&#8221;Llegiu-ne m\u00e9s&#8221; style=&#8221;custom&#8221; custom_background=&#8221;#e5bd39&#8243; custom_text=&#8221;#ffffff&#8221; align=&#8221;center&#8221; link=&#8221;url:http%3A%2F%2Fwww.elmundodelosasi.org%2Ffases-de-sanacio-de-labus-sexual-infantil%2F%3Flang%3Dca|target:%20_blank|&#8221;][\/vc_column][\/vc_row]<\/p>\n","protected":false},"excerpt":{"rendered":"<p>[vc_row full_width=&#8221;stretch_row_content&#8221; gap=&#8221;1&#8243; equal_height=&#8221;yes&#8221;][vc_column width=&#8221;1\/3&#8243; css=&#8221;.vc_custom_1504281321057{padding-top: 150px !important;padding-bottom: 150px !important;background-image: url(http:\/\/www.elmundodelosasi.org\/wp-content\/uploads\/2011\/04\/Villarica-Chile.jpg?id=8044) !important;background-position: center !important;background-repeat: no-repeat !important;background-size: cover !important;}&#8221;][\/vc_column][vc_column width=&#8221;1\/3&#8243; css=&#8221;.vc_custom_1504281735098{padding-top: 150px !important;padding-bottom: 150px !important;background-image: url(http:\/\/www.elmundodelosasi.org\/wp-content\/uploads\/2013\/10\/nick-hillier-339049.jpg?id=13689) !important;background-position: center !important;background-repeat: no-repeat !important;background-size: cover !important;}&#8221;][\/vc_column][vc_column width=&#8221;1\/3&#8243; css=&#8221;.vc_custom_1504281768276{padding-top: 150px !important;padding-bottom: 150px !important;background-image: url(http:\/\/www.elmundodelosasi.org\/wp-content\/uploads\/2012\/05\/oscar-keys.jpg?id=12967) !important;background-position: center !important;background-repeat: no-repeat !important;background-size: cover !important;}&#8221;][\/vc_column][\/vc_row][vc_row full_width=&#8221;stretch_row&#8221; gap=&#8221;1&#8243; css=&#8221;.vc_custom_1504282556467{padding-top: 50px !important;padding-bottom: 50px !important;background-color: #76d2e2 !important;}&#8221;][vc_column&hellip;<\/p>\n","protected":false},"author":15,"featured_media":0,"parent":0,"menu_order":0,"comment_status":"closed","ping_status":"closed","template":"","meta":{"_mi_skip_tracking":false,"_monsterinsights_sitenote_active":false,"_monsterinsights_sitenote_note":"","_monsterinsights_sitenote_category":0},"acf":[],"yoast_head":"<!-- This site is optimized with the Yoast SEO Premium plugin v18.1 (Yoast SEO v18.3) - https:\/\/yoast.com\/wordpress\/plugins\/seo\/ -->\n<title>Ab\u00fas Sexual Infantil | El Mundo de los ASI<\/title>\n<meta name=\"robots\" content=\"index, follow, max-snippet:-1, max-image-preview:large, max-video-preview:-1\" \/>\n<link rel=\"canonical\" href=\"https:\/\/www.elmundodelosasi.org\/ca\/abus-sexual-infantil\/\" \/>\n<meta property=\"og:locale\" content=\"ca_ES\" \/>\n<meta property=\"og:type\" content=\"article\" \/>\n<meta property=\"og:title\" content=\"Ab\u00fas Sexual Infantil\" \/>\n<meta property=\"og:description\" content=\"[vc_row full_width=&#8221;stretch_row_content&#8221; gap=&#8221;1&#8243; equal_height=&#8221;yes&#8221;][vc_column width=&#8221;1\/3&#8243; css=&#8221;.vc_custom_1504281321057{padding-top: 150px !important;padding-bottom: 150px !important;background-image: url(http:\/\/www.elmundodelosasi.org\/wp-content\/uploads\/2011\/04\/Villarica-Chile.jpg?id=8044) !important;background-position: center !important;background-repeat: no-repeat !important;background-size: cover !important;}&#8221;][\/vc_column][vc_column width=&#8221;1\/3&#8243; css=&#8221;.vc_custom_1504281735098{padding-top: 150px !important;padding-bottom: 150px !important;background-image: url(http:\/\/www.elmundodelosasi.org\/wp-content\/uploads\/2013\/10\/nick-hillier-339049.jpg?id=13689) !important;background-position: center !important;background-repeat: no-repeat !important;background-size: cover !important;}&#8221;][\/vc_column][vc_column width=&#8221;1\/3&#8243; css=&#8221;.vc_custom_1504281768276{padding-top: 150px !important;padding-bottom: 150px !important;background-image: url(http:\/\/www.elmundodelosasi.org\/wp-content\/uploads\/2012\/05\/oscar-keys.jpg?id=12967) !important;background-position: center !important;background-repeat: no-repeat !important;background-size: cover !important;}&#8221;][\/vc_column][\/vc_row][vc_row full_width=&#8221;stretch_row&#8221; gap=&#8221;1&#8243; css=&#8221;.vc_custom_1504282556467{padding-top: 50px !important;padding-bottom: 50px !important;background-color: #76d2e2 !important;}&#8221;][vc_column&hellip;\" \/>\n<meta property=\"og:url\" content=\"https:\/\/www.elmundodelosasi.org\/ca\/abus-sexual-infantil\/\" \/>\n<meta property=\"og:site_name\" content=\"El Mundo de los ASI\" \/>\n<meta property=\"article:publisher\" content=\"https:\/\/www.facebook.com\/ElMundodelosASI\" \/>\n<meta property=\"article:modified_time\" content=\"2018-12-15T08:45:19+00:00\" \/>\n<meta name=\"twitter:card\" content=\"summary_large_image\" \/>\n<meta name=\"twitter:site\" content=\"@MundodelosASI\" \/>\n<meta name=\"twitter:label1\" content=\"Temps estimat de lectura\" \/>\n\t<meta name=\"twitter:data1\" content=\"6 minuts\" \/>\n<script type=\"application\/ld+json\" class=\"yoast-schema-graph\">{\"@context\":\"https:\/\/schema.org\",\"@graph\":[{\"@type\":\"Organization\",\"@id\":\"https:\/\/www.elmundodelosasi.org\/ca\/#organization\",\"name\":\"Associaci\u00f3 El Mundo de los ASI\",\"url\":\"https:\/\/www.elmundodelosasi.org\/ca\/\",\"sameAs\":[\"https:\/\/www.facebook.com\/ElMundodelosASI\",\"https:\/\/www.instagram.com\/elmundodelosasi\/\",\"https:\/\/www.youtube.com\/channel\/UCS9Y2NkK7MdqcAwUSTQ5I7w\",\"https:\/\/twitter.com\/MundodelosASI\"],\"logo\":{\"@type\":\"ImageObject\",\"@id\":\"https:\/\/www.elmundodelosasi.org\/ca\/#logo\",\"inLanguage\":\"ca\",\"url\":\"https:\/\/www.elmundodelosasi.org\/wp-content\/uploads\/2020\/11\/Logo-Nom-horitzontal-fons-blanc.png\",\"contentUrl\":\"https:\/\/www.elmundodelosasi.org\/wp-content\/uploads\/2020\/11\/Logo-Nom-horitzontal-fons-blanc.png\",\"width\":954,\"height\":288,\"caption\":\"Associaci\u00f3 El Mundo de los ASI\"},\"image\":{\"@id\":\"https:\/\/www.elmundodelosasi.org\/ca\/#logo\"}},{\"@type\":\"WebSite\",\"@id\":\"https:\/\/www.elmundodelosasi.org\/ca\/#website\",\"url\":\"https:\/\/www.elmundodelosasi.org\/ca\/\",\"name\":\"El Mundo de los ASI\",\"description\":\"Asociaci\u00f3n contra el Abuso Sexual Infantil\",\"publisher\":{\"@id\":\"https:\/\/www.elmundodelosasi.org\/ca\/#organization\"},\"potentialAction\":[{\"@type\":\"SearchAction\",\"target\":{\"@type\":\"EntryPoint\",\"urlTemplate\":\"https:\/\/www.elmundodelosasi.org\/ca\/?s={search_term_string}\"},\"query-input\":\"required name=search_term_string\"}],\"inLanguage\":\"ca\"},{\"@type\":\"WebPage\",\"@id\":\"https:\/\/www.elmundodelosasi.org\/ca\/abus-sexual-infantil\/#webpage\",\"url\":\"https:\/\/www.elmundodelosasi.org\/ca\/abus-sexual-infantil\/\",\"name\":\"Ab\u00fas Sexual Infantil | El Mundo de los ASI\",\"isPartOf\":{\"@id\":\"https:\/\/www.elmundodelosasi.org\/ca\/#website\"},\"datePublished\":\"2018-12-14T20:36:23+00:00\",\"dateModified\":\"2018-12-15T08:45:19+00:00\",\"breadcrumb\":{\"@id\":\"https:\/\/www.elmundodelosasi.org\/ca\/abus-sexual-infantil\/#breadcrumb\"},\"inLanguage\":\"ca\",\"potentialAction\":[{\"@type\":\"ReadAction\",\"target\":[\"https:\/\/www.elmundodelosasi.org\/ca\/abus-sexual-infantil\/\"]}]},{\"@type\":\"BreadcrumbList\",\"@id\":\"https:\/\/www.elmundodelosasi.org\/ca\/abus-sexual-infantil\/#breadcrumb\",\"itemListElement\":[{\"@type\":\"ListItem\",\"position\":1,\"name\":\"Portada\",\"item\":\"https:\/\/www.elmundodelosasi.org\/ca\/\"},{\"@type\":\"ListItem\",\"position\":2,\"name\":\"Ab\u00fas Sexual Infantil\"}]}]}<\/script>\n<!-- \/ Yoast SEO Premium plugin. -->","yoast_head_json":{"title":"Ab\u00fas Sexual Infantil | El Mundo de los ASI","robots":{"index":"index","follow":"follow","max-snippet":"max-snippet:-1","max-image-preview":"max-image-preview:large","max-video-preview":"max-video-preview:-1"},"canonical":"https:\/\/www.elmundodelosasi.org\/ca\/abus-sexual-infantil\/","og_locale":"ca_ES","og_type":"article","og_title":"Ab\u00fas Sexual Infantil","og_description":"[vc_row full_width=&#8221;stretch_row_content&#8221; gap=&#8221;1&#8243; equal_height=&#8221;yes&#8221;][vc_column width=&#8221;1\/3&#8243; css=&#8221;.vc_custom_1504281321057{padding-top: 150px !important;padding-bottom: 150px !important;background-image: url(http:\/\/www.elmundodelosasi.org\/wp-content\/uploads\/2011\/04\/Villarica-Chile.jpg?id=8044) !important;background-position: center !important;background-repeat: no-repeat !important;background-size: cover !important;}&#8221;][\/vc_column][vc_column width=&#8221;1\/3&#8243; css=&#8221;.vc_custom_1504281735098{padding-top: 150px !important;padding-bottom: 150px !important;background-image: url(http:\/\/www.elmundodelosasi.org\/wp-content\/uploads\/2013\/10\/nick-hillier-339049.jpg?id=13689) !important;background-position: center !important;background-repeat: no-repeat !important;background-size: cover !important;}&#8221;][\/vc_column][vc_column width=&#8221;1\/3&#8243; css=&#8221;.vc_custom_1504281768276{padding-top: 150px !important;padding-bottom: 150px !important;background-image: url(http:\/\/www.elmundodelosasi.org\/wp-content\/uploads\/2012\/05\/oscar-keys.jpg?id=12967) !important;background-position: center !important;background-repeat: no-repeat !important;background-size: cover !important;}&#8221;][\/vc_column][\/vc_row][vc_row full_width=&#8221;stretch_row&#8221; gap=&#8221;1&#8243; css=&#8221;.vc_custom_1504282556467{padding-top: 50px !important;padding-bottom: 50px !important;background-color: #76d2e2 !important;}&#8221;][vc_column&hellip;","og_url":"https:\/\/www.elmundodelosasi.org\/ca\/abus-sexual-infantil\/","og_site_name":"El Mundo de los ASI","article_publisher":"https:\/\/www.facebook.com\/ElMundodelosASI","article_modified_time":"2018-12-15T08:45:19+00:00","twitter_card":"summary_large_image","twitter_site":"@MundodelosASI","twitter_misc":{"Temps estimat de lectura":"6 minuts"},"schema":{"@context":"https:\/\/schema.org","@graph":[{"@type":"Organization","@id":"https:\/\/www.elmundodelosasi.org\/ca\/#organization","name":"Associaci\u00f3 El Mundo de los ASI","url":"https:\/\/www.elmundodelosasi.org\/ca\/","sameAs":["https:\/\/www.facebook.com\/ElMundodelosASI","https:\/\/www.instagram.com\/elmundodelosasi\/","https:\/\/www.youtube.com\/channel\/UCS9Y2NkK7MdqcAwUSTQ5I7w","https:\/\/twitter.com\/MundodelosASI"],"logo":{"@type":"ImageObject","@id":"https:\/\/www.elmundodelosasi.org\/ca\/#logo","inLanguage":"ca","url":"https:\/\/www.elmundodelosasi.org\/wp-content\/uploads\/2020\/11\/Logo-Nom-horitzontal-fons-blanc.png","contentUrl":"https:\/\/www.elmundodelosasi.org\/wp-content\/uploads\/2020\/11\/Logo-Nom-horitzontal-fons-blanc.png","width":954,"height":288,"caption":"Associaci\u00f3 El Mundo de los ASI"},"image":{"@id":"https:\/\/www.elmundodelosasi.org\/ca\/#logo"}},{"@type":"WebSite","@id":"https:\/\/www.elmundodelosasi.org\/ca\/#website","url":"https:\/\/www.elmundodelosasi.org\/ca\/","name":"El Mundo de los ASI","description":"Asociaci\u00f3n contra el Abuso Sexual Infantil","publisher":{"@id":"https:\/\/www.elmundodelosasi.org\/ca\/#organization"},"potentialAction":[{"@type":"SearchAction","target":{"@type":"EntryPoint","urlTemplate":"https:\/\/www.elmundodelosasi.org\/ca\/?s={search_term_string}"},"query-input":"required name=search_term_string"}],"inLanguage":"ca"},{"@type":"WebPage","@id":"https:\/\/www.elmundodelosasi.org\/ca\/abus-sexual-infantil\/#webpage","url":"https:\/\/www.elmundodelosasi.org\/ca\/abus-sexual-infantil\/","name":"Ab\u00fas Sexual Infantil | El Mundo de los ASI","isPartOf":{"@id":"https:\/\/www.elmundodelosasi.org\/ca\/#website"},"datePublished":"2018-12-14T20:36:23+00:00","dateModified":"2018-12-15T08:45:19+00:00","breadcrumb":{"@id":"https:\/\/www.elmundodelosasi.org\/ca\/abus-sexual-infantil\/#breadcrumb"},"inLanguage":"ca","potentialAction":[{"@type":"ReadAction","target":["https:\/\/www.elmundodelosasi.org\/ca\/abus-sexual-infantil\/"]}]},{"@type":"BreadcrumbList","@id":"https:\/\/www.elmundodelosasi.org\/ca\/abus-sexual-infantil\/#breadcrumb","itemListElement":[{"@type":"ListItem","position":1,"name":"Portada","item":"https:\/\/www.elmundodelosasi.org\/ca\/"},{"@type":"ListItem","position":2,"name":"Ab\u00fas Sexual Infantil"}]}]}},"_links":{"self":[{"href":"https:\/\/www.elmundodelosasi.org\/ca\/wp-json\/wp\/v2\/pages\/15319"}],"collection":[{"href":"https:\/\/www.elmundodelosasi.org\/ca\/wp-json\/wp\/v2\/pages"}],"about":[{"href":"https:\/\/www.elmundodelosasi.org\/ca\/wp-json\/wp\/v2\/types\/page"}],"author":[{"embeddable":true,"href":"https:\/\/www.elmundodelosasi.org\/ca\/wp-json\/wp\/v2\/users\/15"}],"replies":[{"embeddable":true,"href":"https:\/\/www.elmundodelosasi.org\/ca\/wp-json\/wp\/v2\/comments?post=15319"}],"version-history":[{"count":3,"href":"https:\/\/www.elmundodelosasi.org\/ca\/wp-json\/wp\/v2\/pages\/15319\/revisions"}],"predecessor-version":[{"id":15434,"href":"https:\/\/www.elmundodelosasi.org\/ca\/wp-json\/wp\/v2\/pages\/15319\/revisions\/15434"}],"wp:attachment":[{"href":"https:\/\/www.elmundodelosasi.org\/ca\/wp-json\/wp\/v2\/media?parent=15319"}],"curies":[{"name":"wp","href":"https:\/\/api.w.org\/{rel}","templated":true}]}}