{"id":15321,"date":"2018-12-14T22:38:41","date_gmt":"2018-12-14T20:38:41","guid":{"rendered":"http:\/\/www.elmundodelosasi.org\/alcem-les-veus\/"},"modified":"2019-01-05T22:42:18","modified_gmt":"2019-01-05T20:42:18","slug":"alcem-les-veus","status":"publish","type":"page","link":"https:\/\/www.elmundodelosasi.org\/ca\/alcem-les-veus\/","title":{"rendered":"Alcem les Veus!"},"content":{"rendered":"<p>[vc_row full_width=&#8221;stretch_row_content&#8221; equal_height=&#8221;yes&#8221;][vc_column width=&#8221;1\/3&#8243; css=&#8221;.vc_custom_1544911114906{padding-top: 150px !important;padding-bottom: 150px !important;background-image: url(http:\/\/www.elmundodelosasi.org\/wp-content\/uploads\/2018\/09\/Alcem-les-Veus-2.jpg?id=15284) !important;background-position: center !important;background-repeat: no-repeat !important;background-size: cover !important;}&#8221;][\/vc_column][vc_column width=&#8221;1\/3&#8243; css=&#8221;.vc_custom_1536669686074{padding-top: 150px !important;padding-bottom: 150px !important;background-image: url(http:\/\/www.elmundodelosasi.org\/wp-content\/uploads\/2018\/09\/Sara-Berga.jpg?id=14274) !important;background-position: center !important;background-repeat: no-repeat !important;background-size: cover !important;}&#8221;][\/vc_column][vc_column width=&#8221;1\/3&#8243; css=&#8221;.vc_custom_1536669834411{padding-top: 150px !important;padding-bottom: 150px !important;background-image: url(http:\/\/www.elmundodelosasi.org\/wp-content\/uploads\/2018\/09\/Clock.jpg?id=14369) !important;background-position: center !important;background-repeat: no-repeat !important;background-size: cover !important;}&#8221;][\/vc_column][\/vc_row][vc_row full_width=&#8221;stretch_row_content&#8221; equal_height=&#8221;yes&#8221;][vc_column width=&#8221;1\/3&#8243; css=&#8221;.vc_custom_1536665383526{background-color: #76d2e2 !important;background-position: center !important;background-repeat: no-repeat !important;background-size: cover !important;}&#8221;][vc_icon icon_fontawesome=&#8221;fa fa-bullhorn&#8221; color=&#8221;white&#8221; background_style=&#8221;rounded-less-outline&#8221; background_color=&#8221;white&#8221; align=&#8221;center&#8221; css=&#8221;.vc_custom_1536666416053{background-position: center !important;background-repeat: no-repeat !important;background-size: cover !important;}&#8221;][vc_column_text css=&#8221;.vc_custom_1536666111761{background-color: #76d2e2 !important;}&#8221;]<\/p>\n<h2 style=\"text-align: center;\"><span style=\"color: #ffffff;\">Alcem les Veus!<\/span><\/h2>\n<p>&nbsp;<\/p>\n<p style=\"text-align: justify;\"><blockquote class=\"text-big shortcode-blockquote\"><p><span style=\"color: #ffffff;\">El Programa Alcem les Veus! s\u00f3n xerrades sobre l&#8217;ab\u00fas sexual infantil orientada a mares, pares i familiars de nenes, nens i adolescents com tamb\u00e9 per a la comunitat educativa.<\/span> <\/p>\n<\/blockquote><\/p>\n<p>[\/vc_column_text][\/vc_column][vc_column width=&#8221;1\/3&#8243; css=&#8221;.vc_custom_1536666055455{background-color: #f4b538 !important;background-position: center !important;background-repeat: no-repeat !important;background-size: contain !important;}&#8221;][vc_icon icon_fontawesome=&#8221;fa fa-bullseye&#8221; color=&#8221;white&#8221; background_style=&#8221;rounded-less-outline&#8221; background_color=&#8221;white&#8221; align=&#8221;center&#8221; css=&#8221;.vc_custom_1536666525451{background-position: center !important;background-repeat: no-repeat !important;background-size: cover !important;}&#8221;][vc_column_text]<\/p>\n<h2 style=\"text-align: center;\"><span style=\"color: #ffffff;\">Objectius<\/span><\/h2>\n<p>&nbsp;<\/p>\n<p style=\"text-align: justify;\"><blockquote class=\"text-big shortcode-blockquote\"><p><span style=\"color: #ffffff;\">Donar eines de prevenci\u00f3, detecci\u00f3 i afrontamiento davant l&#8217;ab\u00fas sexual infantil per protegir de forma sana a la nostra inf\u00e0ncia i adolesc\u00e8ncia.<\/span> <\/p>\n<\/blockquote><\/p>\n<p>[\/vc_column_text][\/vc_column][vc_column width=&#8221;1\/3&#8243; css=&#8221;.vc_custom_1536665423618{background-color: #acc802 !important;background-position: center !important;background-repeat: no-repeat !important;background-size: cover !important;}&#8221;][vc_icon icon_fontawesome=&#8221;fa fa-calendar&#8221; color=&#8221;white&#8221; background_style=&#8221;rounded-less-outline&#8221; background_color=&#8221;white&#8221; align=&#8221;center&#8221; css=&#8221;.vc_custom_1536666604080{background-position: center !important;background-repeat: no-repeat !important;background-size: cover !important;}&#8221;][vc_column_text]<\/p>\n<h2 style=\"text-align: center;\"><span style=\"color: #ffffff;\">Duraci\u00f3<\/span><\/h2>\n<p>&nbsp;<\/p>\n<p style=\"text-align: center;\"><blockquote class=\"text-big shortcode-blockquote\"><\/blockquote><\/p>\n<p style=\"text-align: center;\"><span style=\"color: #ffffff;\">2 hores<\/span><\/p>\n<p style=\"text-align: center;\"><span style=\"color: #ffffff;\">Ens desplacem a l&#8217;escola a donar la xerrada.<\/span><\/p>\n<p style=\"text-align: center;\"><span style=\"color: #ffffff;\">Solament per les tardes<\/span><\/p>\n<p>[\/vc_column_text][\/vc_column][\/vc_row][vc_row][vc_column][vc_empty_space][\/vc_column][\/vc_row][vc_row full_width=&#8221;stretch_row&#8221; css=&#8221;.vc_custom_1546720546197{padding-top: 100px !important;padding-bottom: 100px !important;background-image: url(http:\/\/www.elmundodelosasi.org\/wp-content\/uploads\/2018\/12\/Sara-Xerrada-Alcem-les-Veus.jpg?id=15555) !important;background-position: center !important;background-repeat: no-repeat !important;background-size: cover !important;}&#8221;][vc_column][vc_row_inner equal_height=&#8221;yes&#8221; content_placement=&#8221;top&#8221; css=&#8221;.vc_custom_1546720928700{padding-top: 50px !important;padding-right: 50px !important;padding-bottom: 50px !important;padding-left: 50px !important;background-color: rgba(118,210,226,0.76) !important;*background-color: rgb(118,210,226) !important;border-radius: 25px !important;}&#8221;][vc_column_inner width=&#8221;1\/3&#8243;][vc_icon type=&#8221;material&#8221; icon_material=&#8221;vc-material vc-material-hearing&#8221; color=&#8221;white&#8221; size=&#8221;xl&#8221; align=&#8221;center&#8221;][\/vc_column_inner][vc_column_inner width=&#8221;2\/3&#8243;][vc_custom_heading text=&#8221;Xerrades AMPAS&#8221; font_container=&#8221;tag:h1|text_align:left|color:%23ffffff&#8221; use_theme_fonts=&#8221;yes&#8221;][\/vc_column_inner][\/vc_row_inner][\/vc_column][\/vc_row][vc_row full_width=&#8221;stretch_row_content&#8221; gap=&#8221;10&#8243; equal_height=&#8221;yes&#8221;][vc_column width=&#8221;1\/2&#8243; css=&#8221;.vc_custom_1544910518173{background-color: #76d2e2 !important;background-position: center !important;background-repeat: no-repeat !important;background-size: contain !important;}&#8221;][vc_custom_heading text=&#8221;Continguts&#8221; font_container=&#8221;tag:h2|font_size:30|text_align:center|color:%23ffffff&#8221; use_theme_fonts=&#8221;yes&#8221; css=&#8221;.vc_custom_1544910264367{padding-right: 25px !important;padding-left: 25px !important;}&#8221;][vc_separator color=&#8221;orange&#8221; border_width=&#8221;3&#8243; el_width=&#8221;60&#8243; css=&#8221;.vc_custom_1544909639168{margin-bottom: 15px !important;padding-top: 15px !important;padding-bottom: 15px !important;}&#8221;][vc_column_text]<\/p>\n<h4><span style=\"color: #ffffff;\">\u2622\ufe0f\u00a0Concepte<\/span><\/h4>\n<h4><span style=\"color: #ffffff;\">\u2622\ufe0f\u00a0Fases de l&#8217;ab\u00fas sexual infantil<\/span><\/h4>\n<h4><span style=\"color: #ffffff;\">\u2622\ufe0f\u00a0Conseq\u00fc\u00e8ncies a curt i llarg termini<\/span><\/h4>\n<h4><span style=\"color: #ffffff;\">\u2622\ufe0f\u00a0Primers Auxilis Psicol\u00f2gics<\/span><\/h4>\n<h4><span style=\"color: #ffffff;\">\u2622\ufe0f\u00a0Recursos per fer prevenci\u00f3<\/span><\/h4>\n<p>&nbsp;<\/p>\n<p>[\/vc_column_text][vc_custom_heading text=&#8221;Contacte&#8221; font_container=&#8221;tag:h2|font_size:30|text_align:center|color:%23ffffff&#8221; use_theme_fonts=&#8221;yes&#8221; css=&#8221;.vc_custom_1544909660454{padding-right: 25px !important;padding-left: 25px !important;}&#8221;][vc_separator color=&#8221;orange&#8221; border_width=&#8221;3&#8243; el_width=&#8221;60&#8243; css=&#8221;.vc_custom_1544909639168{margin-bottom: 15px !important;padding-top: 15px !important;padding-bottom: 15px !important;}&#8221;][vc_column_text]<\/p>\n<h4 style=\"text-align: center;\"><span style=\"color: #ffffff;\">Sara Berga- Coordinadora<\/span><\/h4>\n<h4 style=\"text-align: center;\"><span style=\"color: #ffffff;\">Tel: 649.604.186 &#8211; a partir de les 16h<\/span><\/h4>\n<p>[\/vc_column_text][vc_btn title=&#8221;Mail&#8221; style=&#8221;custom&#8221; custom_background=&#8221;#f4b538&#8243; custom_text=&#8221;#ffffff&#8221; size=&#8221;lg&#8221; align=&#8221;center&#8221; i_icon_fontawesome=&#8221;fa fa-at&#8221; button_block=&#8221;true&#8221; add_icon=&#8221;true&#8221; link=&#8221;url:mailto%3Asara%40elmundodelosasi.org|&#8221;][\/vc_column][vc_column width=&#8221;1\/2&#8243; css=&#8221;.vc_custom_1544910843878{padding-top: 150px !important;padding-right: 150px !important;padding-bottom: 150px !important;padding-left: 150px !important;background-image: url(http:\/\/www.elmundodelosasi.org\/wp-content\/uploads\/2018\/12\/P\u00f2ster-Alcem-les-Veus-.png?id=15575) !important;background-position: center !important;background-repeat: no-repeat !important;background-size: contain !important;}&#8221;][\/vc_column][\/vc_row]<\/p>\n","protected":false},"excerpt":{"rendered":"<p>[vc_row full_width=&#8221;stretch_row_content&#8221; equal_height=&#8221;yes&#8221;][vc_column width=&#8221;1\/3&#8243; css=&#8221;.vc_custom_1544911114906{padding-top: 150px !important;padding-bottom: 150px !important;background-image: url(http:\/\/www.elmundodelosasi.org\/wp-content\/uploads\/2018\/09\/Alcem-les-Veus-2.jpg?id=15284) !important;background-position: center !important;background-repeat: no-repeat !important;background-size: cover !important;}&#8221;][\/vc_column][vc_column width=&#8221;1\/3&#8243; css=&#8221;.vc_custom_1536669686074{padding-top: 150px !important;padding-bottom: 150px !important;background-image: url(http:\/\/www.elmundodelosasi.org\/wp-content\/uploads\/2018\/09\/Sara-Berga.jpg?id=14274) !important;background-position: center !important;background-repeat: no-repeat !important;background-size: cover !important;}&#8221;][\/vc_column][vc_column width=&#8221;1\/3&#8243; css=&#8221;.vc_custom_1536669834411{padding-top: 150px !important;padding-bottom: 150px !important;background-image: url(http:\/\/www.elmundodelosasi.org\/wp-content\/uploads\/2018\/09\/Clock.jpg?id=14369) !important;background-position: center !important;background-repeat: no-repeat !important;background-size: cover !important;}&#8221;][\/vc_column][\/vc_row][vc_row full_width=&#8221;stretch_row_content&#8221; equal_height=&#8221;yes&#8221;][vc_column width=&#8221;1\/3&#8243; css=&#8221;.vc_custom_1536665383526{background-color: #76d2e2 !important;background-position: center !important;background-repeat: no-repeat !important;background-size:&hellip;<\/p>\n","protected":false},"author":15,"featured_media":0,"parent":0,"menu_order":0,"comment_status":"closed","ping_status":"closed","template":"","meta":{"_mi_skip_tracking":false,"_monsterinsights_sitenote_active":false,"_monsterinsights_sitenote_note":"","_monsterinsights_sitenote_category":0},"acf":[],"yoast_head":"<!-- This site is optimized with the Yoast SEO Premium plugin v18.1 (Yoast SEO v18.3) - https:\/\/yoast.com\/wordpress\/plugins\/seo\/ -->\n<title>Alcem les Veus! | El Mundo de los ASI<\/title>\n<meta name=\"robots\" content=\"index, follow, max-snippet:-1, max-image-preview:large, max-video-preview:-1\" \/>\n<link rel=\"canonical\" href=\"https:\/\/www.elmundodelosasi.org\/ca\/alcem-les-veus\/\" \/>\n<meta property=\"og:locale\" content=\"ca_ES\" \/>\n<meta property=\"og:type\" content=\"article\" \/>\n<meta property=\"og:title\" content=\"Alcem les Veus!\" \/>\n<meta property=\"og:description\" content=\"[vc_row full_width=&#8221;stretch_row_content&#8221; equal_height=&#8221;yes&#8221;][vc_column width=&#8221;1\/3&#8243; css=&#8221;.vc_custom_1544911114906{padding-top: 150px !important;padding-bottom: 150px !important;background-image: url(http:\/\/www.elmundodelosasi.org\/wp-content\/uploads\/2018\/09\/Alcem-les-Veus-2.jpg?id=15284) !important;background-position: center !important;background-repeat: no-repeat !important;background-size: cover !important;}&#8221;][\/vc_column][vc_column width=&#8221;1\/3&#8243; css=&#8221;.vc_custom_1536669686074{padding-top: 150px !important;padding-bottom: 150px !important;background-image: url(http:\/\/www.elmundodelosasi.org\/wp-content\/uploads\/2018\/09\/Sara-Berga.jpg?id=14274) !important;background-position: center !important;background-repeat: no-repeat !important;background-size: cover !important;}&#8221;][\/vc_column][vc_column width=&#8221;1\/3&#8243; css=&#8221;.vc_custom_1536669834411{padding-top: 150px !important;padding-bottom: 150px !important;background-image: url(http:\/\/www.elmundodelosasi.org\/wp-content\/uploads\/2018\/09\/Clock.jpg?id=14369) !important;background-position: center !important;background-repeat: no-repeat !important;background-size: cover !important;}&#8221;][\/vc_column][\/vc_row][vc_row full_width=&#8221;stretch_row_content&#8221; equal_height=&#8221;yes&#8221;][vc_column width=&#8221;1\/3&#8243; css=&#8221;.vc_custom_1536665383526{background-color: #76d2e2 !important;background-position: center !important;background-repeat: no-repeat !important;background-size:&hellip;\" \/>\n<meta property=\"og:url\" content=\"https:\/\/www.elmundodelosasi.org\/ca\/alcem-les-veus\/\" \/>\n<meta property=\"og:site_name\" content=\"El Mundo de los ASI\" \/>\n<meta property=\"article:publisher\" content=\"https:\/\/www.facebook.com\/ElMundodelosASI\" \/>\n<meta property=\"article:modified_time\" content=\"2019-01-05T20:42:18+00:00\" \/>\n<meta name=\"twitter:card\" content=\"summary_large_image\" \/>\n<meta name=\"twitter:site\" content=\"@MundodelosASI\" \/>\n<meta name=\"twitter:label1\" content=\"Temps estimat de lectura\" \/>\n\t<meta name=\"twitter:data1\" content=\"4 minuts\" \/>\n<script type=\"application\/ld+json\" class=\"yoast-schema-graph\">{\"@context\":\"https:\/\/schema.org\",\"@graph\":[{\"@type\":\"Organization\",\"@id\":\"https:\/\/www.elmundodelosasi.org\/ca\/#organization\",\"name\":\"Associaci\u00f3 El Mundo de los ASI\",\"url\":\"https:\/\/www.elmundodelosasi.org\/ca\/\",\"sameAs\":[\"https:\/\/www.facebook.com\/ElMundodelosASI\",\"https:\/\/www.instagram.com\/elmundodelosasi\/\",\"https:\/\/www.youtube.com\/channel\/UCS9Y2NkK7MdqcAwUSTQ5I7w\",\"https:\/\/twitter.com\/MundodelosASI\"],\"logo\":{\"@type\":\"ImageObject\",\"@id\":\"https:\/\/www.elmundodelosasi.org\/ca\/#logo\",\"inLanguage\":\"ca\",\"url\":\"https:\/\/www.elmundodelosasi.org\/wp-content\/uploads\/2020\/11\/Logo-Nom-horitzontal-fons-blanc.png\",\"contentUrl\":\"https:\/\/www.elmundodelosasi.org\/wp-content\/uploads\/2020\/11\/Logo-Nom-horitzontal-fons-blanc.png\",\"width\":954,\"height\":288,\"caption\":\"Associaci\u00f3 El Mundo de los ASI\"},\"image\":{\"@id\":\"https:\/\/www.elmundodelosasi.org\/ca\/#logo\"}},{\"@type\":\"WebSite\",\"@id\":\"https:\/\/www.elmundodelosasi.org\/ca\/#website\",\"url\":\"https:\/\/www.elmundodelosasi.org\/ca\/\",\"name\":\"El Mundo de los ASI\",\"description\":\"Asociaci\u00f3n contra el Abuso Sexual Infantil\",\"publisher\":{\"@id\":\"https:\/\/www.elmundodelosasi.org\/ca\/#organization\"},\"potentialAction\":[{\"@type\":\"SearchAction\",\"target\":{\"@type\":\"EntryPoint\",\"urlTemplate\":\"https:\/\/www.elmundodelosasi.org\/ca\/?s={search_term_string}\"},\"query-input\":\"required name=search_term_string\"}],\"inLanguage\":\"ca\"},{\"@type\":\"WebPage\",\"@id\":\"https:\/\/www.elmundodelosasi.org\/ca\/alcem-les-veus\/#webpage\",\"url\":\"https:\/\/www.elmundodelosasi.org\/ca\/alcem-les-veus\/\",\"name\":\"Alcem les Veus! | El Mundo de los ASI\",\"isPartOf\":{\"@id\":\"https:\/\/www.elmundodelosasi.org\/ca\/#website\"},\"datePublished\":\"2018-12-14T20:38:41+00:00\",\"dateModified\":\"2019-01-05T20:42:18+00:00\",\"breadcrumb\":{\"@id\":\"https:\/\/www.elmundodelosasi.org\/ca\/alcem-les-veus\/#breadcrumb\"},\"inLanguage\":\"ca\",\"potentialAction\":[{\"@type\":\"ReadAction\",\"target\":[\"https:\/\/www.elmundodelosasi.org\/ca\/alcem-les-veus\/\"]}]},{\"@type\":\"BreadcrumbList\",\"@id\":\"https:\/\/www.elmundodelosasi.org\/ca\/alcem-les-veus\/#breadcrumb\",\"itemListElement\":[{\"@type\":\"ListItem\",\"position\":1,\"name\":\"Portada\",\"item\":\"https:\/\/www.elmundodelosasi.org\/ca\/\"},{\"@type\":\"ListItem\",\"position\":2,\"name\":\"Alcem les Veus!\"}]}]}<\/script>\n<!-- \/ Yoast SEO Premium plugin. -->","yoast_head_json":{"title":"Alcem les Veus! | El Mundo de los ASI","robots":{"index":"index","follow":"follow","max-snippet":"max-snippet:-1","max-image-preview":"max-image-preview:large","max-video-preview":"max-video-preview:-1"},"canonical":"https:\/\/www.elmundodelosasi.org\/ca\/alcem-les-veus\/","og_locale":"ca_ES","og_type":"article","og_title":"Alcem les Veus!","og_description":"[vc_row full_width=&#8221;stretch_row_content&#8221; equal_height=&#8221;yes&#8221;][vc_column width=&#8221;1\/3&#8243; css=&#8221;.vc_custom_1544911114906{padding-top: 150px !important;padding-bottom: 150px !important;background-image: url(http:\/\/www.elmundodelosasi.org\/wp-content\/uploads\/2018\/09\/Alcem-les-Veus-2.jpg?id=15284) !important;background-position: center !important;background-repeat: no-repeat !important;background-size: cover !important;}&#8221;][\/vc_column][vc_column width=&#8221;1\/3&#8243; css=&#8221;.vc_custom_1536669686074{padding-top: 150px !important;padding-bottom: 150px !important;background-image: url(http:\/\/www.elmundodelosasi.org\/wp-content\/uploads\/2018\/09\/Sara-Berga.jpg?id=14274) !important;background-position: center !important;background-repeat: no-repeat !important;background-size: cover !important;}&#8221;][\/vc_column][vc_column width=&#8221;1\/3&#8243; css=&#8221;.vc_custom_1536669834411{padding-top: 150px !important;padding-bottom: 150px !important;background-image: url(http:\/\/www.elmundodelosasi.org\/wp-content\/uploads\/2018\/09\/Clock.jpg?id=14369) !important;background-position: center !important;background-repeat: no-repeat !important;background-size: cover !important;}&#8221;][\/vc_column][\/vc_row][vc_row full_width=&#8221;stretch_row_content&#8221; equal_height=&#8221;yes&#8221;][vc_column width=&#8221;1\/3&#8243; css=&#8221;.vc_custom_1536665383526{background-color: #76d2e2 !important;background-position: center !important;background-repeat: no-repeat !important;background-size:&hellip;","og_url":"https:\/\/www.elmundodelosasi.org\/ca\/alcem-les-veus\/","og_site_name":"El Mundo de los ASI","article_publisher":"https:\/\/www.facebook.com\/ElMundodelosASI","article_modified_time":"2019-01-05T20:42:18+00:00","twitter_card":"summary_large_image","twitter_site":"@MundodelosASI","twitter_misc":{"Temps estimat de lectura":"4 minuts"},"schema":{"@context":"https:\/\/schema.org","@graph":[{"@type":"Organization","@id":"https:\/\/www.elmundodelosasi.org\/ca\/#organization","name":"Associaci\u00f3 El Mundo de los ASI","url":"https:\/\/www.elmundodelosasi.org\/ca\/","sameAs":["https:\/\/www.facebook.com\/ElMundodelosASI","https:\/\/www.instagram.com\/elmundodelosasi\/","https:\/\/www.youtube.com\/channel\/UCS9Y2NkK7MdqcAwUSTQ5I7w","https:\/\/twitter.com\/MundodelosASI"],"logo":{"@type":"ImageObject","@id":"https:\/\/www.elmundodelosasi.org\/ca\/#logo","inLanguage":"ca","url":"https:\/\/www.elmundodelosasi.org\/wp-content\/uploads\/2020\/11\/Logo-Nom-horitzontal-fons-blanc.png","contentUrl":"https:\/\/www.elmundodelosasi.org\/wp-content\/uploads\/2020\/11\/Logo-Nom-horitzontal-fons-blanc.png","width":954,"height":288,"caption":"Associaci\u00f3 El Mundo de los ASI"},"image":{"@id":"https:\/\/www.elmundodelosasi.org\/ca\/#logo"}},{"@type":"WebSite","@id":"https:\/\/www.elmundodelosasi.org\/ca\/#website","url":"https:\/\/www.elmundodelosasi.org\/ca\/","name":"El Mundo de los ASI","description":"Asociaci\u00f3n contra el Abuso Sexual Infantil","publisher":{"@id":"https:\/\/www.elmundodelosasi.org\/ca\/#organization"},"potentialAction":[{"@type":"SearchAction","target":{"@type":"EntryPoint","urlTemplate":"https:\/\/www.elmundodelosasi.org\/ca\/?s={search_term_string}"},"query-input":"required name=search_term_string"}],"inLanguage":"ca"},{"@type":"WebPage","@id":"https:\/\/www.elmundodelosasi.org\/ca\/alcem-les-veus\/#webpage","url":"https:\/\/www.elmundodelosasi.org\/ca\/alcem-les-veus\/","name":"Alcem les Veus! | El Mundo de los ASI","isPartOf":{"@id":"https:\/\/www.elmundodelosasi.org\/ca\/#website"},"datePublished":"2018-12-14T20:38:41+00:00","dateModified":"2019-01-05T20:42:18+00:00","breadcrumb":{"@id":"https:\/\/www.elmundodelosasi.org\/ca\/alcem-les-veus\/#breadcrumb"},"inLanguage":"ca","potentialAction":[{"@type":"ReadAction","target":["https:\/\/www.elmundodelosasi.org\/ca\/alcem-les-veus\/"]}]},{"@type":"BreadcrumbList","@id":"https:\/\/www.elmundodelosasi.org\/ca\/alcem-les-veus\/#breadcrumb","itemListElement":[{"@type":"ListItem","position":1,"name":"Portada","item":"https:\/\/www.elmundodelosasi.org\/ca\/"},{"@type":"ListItem","position":2,"name":"Alcem les Veus!"}]}]}},"_links":{"self":[{"href":"https:\/\/www.elmundodelosasi.org\/ca\/wp-json\/wp\/v2\/pages\/15321"}],"collection":[{"href":"https:\/\/www.elmundodelosasi.org\/ca\/wp-json\/wp\/v2\/pages"}],"about":[{"href":"https:\/\/www.elmundodelosasi.org\/ca\/wp-json\/wp\/v2\/types\/page"}],"author":[{"embeddable":true,"href":"https:\/\/www.elmundodelosasi.org\/ca\/wp-json\/wp\/v2\/users\/15"}],"replies":[{"embeddable":true,"href":"https:\/\/www.elmundodelosasi.org\/ca\/wp-json\/wp\/v2\/comments?post=15321"}],"version-history":[{"count":44,"href":"https:\/\/www.elmundodelosasi.org\/ca\/wp-json\/wp\/v2\/pages\/15321\/revisions"}],"predecessor-version":[{"id":15599,"href":"https:\/\/www.elmundodelosasi.org\/ca\/wp-json\/wp\/v2\/pages\/15321\/revisions\/15599"}],"wp:attachment":[{"href":"https:\/\/www.elmundodelosasi.org\/ca\/wp-json\/wp\/v2\/media?parent=15321"}],"curies":[{"name":"wp","href":"https:\/\/api.w.org\/{rel}","templated":true}]}}